{"id":662,"date":"2023-12-26T16:57:36","date_gmt":"2023-12-26T15:57:36","guid":{"rendered":"https:\/\/www.magnum-design.fr\/?page_id=662"},"modified":"2024-12-23T18:43:06","modified_gmt":"2024-12-23T17:43:06","slug":"communication-print","status":"publish","type":"page","link":"https:\/\/www.magnum-design.fr\/en\/communication-print\/","title":{"rendered":"Print media"},"content":{"rendered":"<div data-elementor-type=\"wp-page\" data-elementor-id=\"662\" class=\"elementor elementor-662\" data-elementor-post-type=\"page\">\n\t\t\t\t\t\t<section class=\"elementor-section elementor-top-section elementor-element elementor-element-d04c47f elementor-reverse-mobile elementor-section-boxed elementor-section-height-default elementor-section-height-default\" data-id=\"d04c47f\" data-element_type=\"section\" data-e-type=\"section\">\n\t\t\t\t\t\t<div class=\"elementor-container elementor-column-gap-default\">\n\t\t\t\t\t<div class=\"elementor-column elementor-col-50 elementor-top-column elementor-element elementor-element-ca81be3\" data-id=\"ca81be3\" data-element_type=\"column\" data-e-type=\"column\">\n\t\t\t<div class=\"elementor-widget-wrap elementor-element-populated\">\n\t\t\t\t\t\t<div class=\"elementor-element elementor-element-1614403 elementor-widget elementor-widget-spacer\" data-id=\"1614403\" data-element_type=\"widget\" data-e-type=\"widget\" data-widget_type=\"spacer.default\">\n\t\t\t\t<div class=\"elementor-widget-container\">\n\t\t\t\t\t\t\t<div class=\"elementor-spacer\">\n\t\t\t<div class=\"elementor-spacer-inner\"><\/div>\n\t\t<\/div>\n\t\t\t\t\t\t<\/div>\n\t\t\t\t<\/div>\n\t\t\t\t<div class=\"elementor-element elementor-element-8ce6a2b elementor-widget elementor-widget-heading\" data-id=\"8ce6a2b\" data-element_type=\"widget\" data-e-type=\"widget\" data-widget_type=\"heading.default\">\n\t\t\t\t<div class=\"elementor-widget-container\">\n\t\t\t\t\t<h2 class=\"elementor-heading-title elementor-size-default\">Des supports imprim\u00e9s pour mieux communiquer<\/h2>\t\t\t\t<\/div>\n\t\t\t\t<\/div>\n\t\t\t\t<div class=\"elementor-element elementor-element-949dd2d elementor-widget elementor-widget-text-editor\" data-id=\"949dd2d\" data-element_type=\"widget\" data-e-type=\"widget\" data-widget_type=\"text-editor.default\">\n\t\t\t\t<div class=\"elementor-widget-container\">\n\t\t\t\t\t\t\t\t\t<p>Les supports imprim\u00e9s offrent une <strong>pr\u00e9sence tangible<\/strong> et peuvent compl\u00e9ter la communication en ligne, cela contribue \u00e0 <strong>toucher un public plus large<\/strong> de mani\u00e8re vari\u00e9e.<br \/>Ils peuvent \u00eatre utilis\u00e9s \u00e0 diverses fins, notamment pour :<\/p><p><strong>Les supports papier imprim\u00e9s<\/strong> pour<strong> promouvoir vos services :<\/strong> les brochures, d\u00e9pliants, catalogues, affiches et flyers sont utilis\u00e9s pour promouvoir des produits, des services ou des \u00e9v\u00e9nements.<\/p><p>Pour<strong> renforcer l&rsquo;identit\u00e9 visuelle :<\/strong> les cartes de visite, les en-t\u00eates de lettre et autres supports imprim\u00e9s.<\/p><p><strong>La signal\u00e9tique<\/strong> pour<strong> guider<\/strong> les personnes dans des espaces physiques, comme des magasins ou des \u00e9v\u00e9nements : les panneaux, banni\u00e8res et affiches.<\/p><p><strong>Le packaging<\/strong> pour<strong> pr\u00e9senter et promouvoir <\/strong>vos produits : les \u00e9tiquettes, emballages et inserts imprim\u00e9s.<\/p>\t\t\t\t\t\t\t\t<\/div>\n\t\t\t\t<\/div>\n\t\t\t\t<div class=\"elementor-element elementor-element-6230719 elementor-align-center elementor-widget elementor-widget-button\" data-id=\"6230719\" data-element_type=\"widget\" data-e-type=\"widget\" data-widget_type=\"button.default\">\n\t\t\t\t<div class=\"elementor-widget-container\">\n\t\t\t\t\t\t\t\t\t<div class=\"elementor-button-wrapper\">\n\t\t\t\t\t<a class=\"elementor-button elementor-button-link elementor-size-sm\" href=\"https:\/\/www.magnum-design.fr\/en\/contact\/\">\n\t\t\t\t\t\t<span class=\"elementor-button-content-wrapper\">\n\t\t\t\t\t\t\t\t\t<span class=\"elementor-button-text\">Demander un devis<\/span>\n\t\t\t\t\t<\/span>\n\t\t\t\t\t<\/a>\n\t\t\t\t<\/div>\n\t\t\t\t\t\t\t\t<\/div>\n\t\t\t\t<\/div>\n\t\t\t\t<div class=\"elementor-element elementor-element-e7cc5b7 elementor-widget elementor-widget-spacer\" data-id=\"e7cc5b7\" data-element_type=\"widget\" data-e-type=\"widget\" data-widget_type=\"spacer.default\">\n\t\t\t\t<div class=\"elementor-widget-container\">\n\t\t\t\t\t\t\t<div class=\"elementor-spacer\">\n\t\t\t<div class=\"elementor-spacer-inner\"><\/div>\n\t\t<\/div>\n\t\t\t\t\t\t<\/div>\n\t\t\t\t<\/div>\n\t\t\t\t\t<\/div>\n\t\t<\/div>\n\t\t\t\t<div class=\"elementor-column elementor-col-50 elementor-top-column elementor-element elementor-element-3035d3a\" data-id=\"3035d3a\" data-element_type=\"column\" data-e-type=\"column\">\n\t\t\t<div class=\"elementor-widget-wrap elementor-element-populated\">\n\t\t\t\t\t\t<div class=\"elementor-element elementor-element-68a8c9f elementor-widget elementor-widget-spacer\" data-id=\"68a8c9f\" data-element_type=\"widget\" data-e-type=\"widget\" data-widget_type=\"spacer.default\">\n\t\t\t\t<div class=\"elementor-widget-container\">\n\t\t\t\t\t\t\t<div class=\"elementor-spacer\">\n\t\t\t<div class=\"elementor-spacer-inner\"><\/div>\n\t\t<\/div>\n\t\t\t\t\t\t<\/div>\n\t\t\t\t<\/div>\n\t\t\t\t<div class=\"elementor-element elementor-element-98b35b4 elementor-widget elementor-widget-spacer\" data-id=\"98b35b4\" data-element_type=\"widget\" data-e-type=\"widget\" data-widget_type=\"spacer.default\">\n\t\t\t\t<div class=\"elementor-widget-container\">\n\t\t\t\t\t\t\t<div class=\"elementor-spacer\">\n\t\t\t<div class=\"elementor-spacer-inner\"><\/div>\n\t\t<\/div>\n\t\t\t\t\t\t<\/div>\n\t\t\t\t<\/div>\n\t\t\t\t<div class=\"elementor-element elementor-element-775de96 elementor-widget elementor-widget-image\" data-id=\"775de96\" data-element_type=\"widget\" data-e-type=\"widget\" data-widget_type=\"image.default\">\n\t\t\t\t<div class=\"elementor-widget-container\">\n\t\t\t\t\t\t\t\t\t\t\t\t\t\t\t<img fetchpriority=\"high\" decoding=\"async\" width=\"591\" height=\"600\" src=\"https:\/\/www.magnum-design.fr\/wp-content\/uploads\/produit-imprime-catalogue-min.webp\" class=\"attachment-large size-large wp-image-3183\" alt=\"catalogue\" srcset=\"https:\/\/www.magnum-design.fr\/wp-content\/uploads\/produit-imprime-catalogue-min.webp 591w, https:\/\/www.magnum-design.fr\/wp-content\/uploads\/produit-imprime-catalogue-min-296x300.webp 296w\" sizes=\"(max-width: 591px) 100vw, 591px\" \/>\t\t\t\t\t\t\t\t\t\t\t\t\t\t\t<\/div>\n\t\t\t\t<\/div>\n\t\t\t\t\t<\/div>\n\t\t<\/div>\n\t\t\t\t\t<\/div>\n\t\t<\/section>\n\t\t\t\t<\/div>","protected":false},"excerpt":{"rendered":"<p>Des supports imprim\u00e9s pour mieux communiquer Les supports imprim\u00e9s offrent une pr\u00e9sence tangible et peuvent compl\u00e9ter la communication en ligne, cela contribue \u00e0 toucher un public plus large de mani\u00e8re vari\u00e9e.Ils peuvent \u00eatre utilis\u00e9s \u00e0 diverses fins, notamment pour : Les supports papier imprim\u00e9s pour promouvoir vos services : les brochures, d\u00e9pliants, catalogues, affiches et&#8230;<\/p>","protected":false},"author":1,"featured_media":0,"parent":0,"menu_order":0,"comment_status":"closed","ping_status":"closed","template":"","meta":{"_kad_post_transparent":"","_kad_post_title":"hide","_kad_post_layout":"fullwidth","_kad_post_sidebar_id":"","_kad_post_content_style":"unboxed","_kad_post_vertical_padding":"hide","_kad_post_feature":"hide","_kad_post_feature_position":"","_kad_post_header":false,"_kad_post_footer":false,"footnotes":""},"class_list":["post-662","page","type-page","status-publish","hentry"],"yoast_head":"<!-- This site is optimized with the Yoast SEO plugin v24.7 - https:\/\/yoast.com\/wordpress\/plugins\/seo\/ -->\n<title>Supports imprim\u00e9s -<\/title>\n<meta name=\"robots\" content=\"index, follow, max-snippet:-1, max-image-preview:large, max-video-preview:-1\" \/>\n<link rel=\"canonical\" href=\"https:\/\/www.magnum-design.fr\/en\/communication-print\/\" \/>\n<meta property=\"og:locale\" content=\"en_GB\" \/>\n<meta property=\"og:type\" content=\"article\" \/>\n<meta property=\"og:title\" content=\"Supports imprim\u00e9s -\" \/>\n<meta property=\"og:description\" content=\"Des supports imprim\u00e9s pour mieux communiquer Les supports imprim\u00e9s offrent une pr\u00e9sence tangible et peuvent compl\u00e9ter la communication en ligne, cela contribue \u00e0 toucher un public plus large de mani\u00e8re vari\u00e9e.Ils peuvent \u00eatre utilis\u00e9s \u00e0 diverses fins, notamment pour : Les supports papier imprim\u00e9s pour promouvoir vos services : les brochures, d\u00e9pliants, catalogues, affiches et...\" \/>\n<meta property=\"og:url\" content=\"https:\/\/www.magnum-design.fr\/en\/communication-print\/\" \/>\n<meta property=\"article:modified_time\" content=\"2024-12-23T17:43:06+00:00\" \/>\n<meta property=\"og:image\" content=\"https:\/\/www.magnum-design.fr\/wp-content\/uploads\/produit-imprime-catalogue-min.webp\" \/>\n\t<meta property=\"og:image:width\" content=\"591\" \/>\n\t<meta property=\"og:image:height\" content=\"600\" \/>\n\t<meta property=\"og:image:type\" content=\"image\/webp\" \/>\n<meta name=\"twitter:card\" content=\"summary_large_image\" \/>\n<meta name=\"twitter:label1\" content=\"Estimated reading time\" \/>\n\t<meta name=\"twitter:data1\" content=\"1 minute\" \/>\n<script type=\"application\/ld+json\" class=\"yoast-schema-graph\">{\"@context\":\"https:\/\/schema.org\",\"@graph\":[{\"@type\":\"WebPage\",\"@id\":\"https:\/\/www.magnum-design.fr\/communication-print\/\",\"url\":\"https:\/\/www.magnum-design.fr\/communication-print\/\",\"name\":\"Supports imprim\u00e9s -\",\"isPartOf\":{\"@id\":\"https:\/\/www.magnum-design.fr\/#website\"},\"primaryImageOfPage\":{\"@id\":\"https:\/\/www.magnum-design.fr\/communication-print\/#primaryimage\"},\"image\":{\"@id\":\"https:\/\/www.magnum-design.fr\/communication-print\/#primaryimage\"},\"thumbnailUrl\":\"https:\/\/www.magnum-design.fr\/wp-content\/uploads\/produit-imprime-catalogue-min.webp\",\"datePublished\":\"2023-12-26T15:57:36+00:00\",\"dateModified\":\"2024-12-23T17:43:06+00:00\",\"breadcrumb\":{\"@id\":\"https:\/\/www.magnum-design.fr\/communication-print\/#breadcrumb\"},\"inLanguage\":\"en-GB\",\"potentialAction\":[{\"@type\":\"ReadAction\",\"target\":[\"https:\/\/www.magnum-design.fr\/communication-print\/\"]}]},{\"@type\":\"ImageObject\",\"inLanguage\":\"en-GB\",\"@id\":\"https:\/\/www.magnum-design.fr\/communication-print\/#primaryimage\",\"url\":\"https:\/\/www.magnum-design.fr\/wp-content\/uploads\/produit-imprime-catalogue-min.webp\",\"contentUrl\":\"https:\/\/www.magnum-design.fr\/wp-content\/uploads\/produit-imprime-catalogue-min.webp\"},{\"@type\":\"BreadcrumbList\",\"@id\":\"https:\/\/www.magnum-design.fr\/communication-print\/#breadcrumb\",\"itemListElement\":[{\"@type\":\"ListItem\",\"position\":1,\"name\":\"Accueil\",\"item\":\"https:\/\/www.magnum-design.fr\/\"},{\"@type\":\"ListItem\",\"position\":2,\"name\":\"Supports imprim\u00e9s\"}]},{\"@type\":\"WebSite\",\"@id\":\"https:\/\/www.magnum-design.fr\/#website\",\"url\":\"https:\/\/www.magnum-design.fr\/\",\"name\":\"\",\"description\":\"cr\u00e9ations graphique web et print\",\"potentialAction\":[{\"@type\":\"SearchAction\",\"target\":{\"@type\":\"EntryPoint\",\"urlTemplate\":\"https:\/\/www.magnum-design.fr\/?s={search_term_string}\"},\"query-input\":{\"@type\":\"PropertyValueSpecification\",\"valueRequired\":true,\"valueName\":\"search_term_string\"}}],\"inLanguage\":\"en-GB\"}]}<\/script>\n<!-- \/ Yoast SEO plugin. -->","yoast_head_json":{"title":"Supports imprim\u00e9s -","robots":{"index":"index","follow":"follow","max-snippet":"max-snippet:-1","max-image-preview":"max-image-preview:large","max-video-preview":"max-video-preview:-1"},"canonical":"https:\/\/www.magnum-design.fr\/en\/communication-print\/","og_locale":"en_GB","og_type":"article","og_title":"Supports imprim\u00e9s -","og_description":"Des supports imprim\u00e9s pour mieux communiquer Les supports imprim\u00e9s offrent une pr\u00e9sence tangible et peuvent compl\u00e9ter la communication en ligne, cela contribue \u00e0 toucher un public plus large de mani\u00e8re vari\u00e9e.Ils peuvent \u00eatre utilis\u00e9s \u00e0 diverses fins, notamment pour : Les supports papier imprim\u00e9s pour promouvoir vos services : les brochures, d\u00e9pliants, catalogues, affiches et...","og_url":"https:\/\/www.magnum-design.fr\/en\/communication-print\/","article_modified_time":"2024-12-23T17:43:06+00:00","og_image":[{"width":591,"height":600,"url":"https:\/\/www.magnum-design.fr\/wp-content\/uploads\/produit-imprime-catalogue-min.webp","type":"image\/webp"}],"twitter_card":"summary_large_image","twitter_misc":{"Estimated reading time":"1 minute"},"schema":{"@context":"https:\/\/schema.org","@graph":[{"@type":"WebPage","@id":"https:\/\/www.magnum-design.fr\/communication-print\/","url":"https:\/\/www.magnum-design.fr\/communication-print\/","name":"Supports imprim\u00e9s -","isPartOf":{"@id":"https:\/\/www.magnum-design.fr\/#website"},"primaryImageOfPage":{"@id":"https:\/\/www.magnum-design.fr\/communication-print\/#primaryimage"},"image":{"@id":"https:\/\/www.magnum-design.fr\/communication-print\/#primaryimage"},"thumbnailUrl":"https:\/\/www.magnum-design.fr\/wp-content\/uploads\/produit-imprime-catalogue-min.webp","datePublished":"2023-12-26T15:57:36+00:00","dateModified":"2024-12-23T17:43:06+00:00","breadcrumb":{"@id":"https:\/\/www.magnum-design.fr\/communication-print\/#breadcrumb"},"inLanguage":"en-GB","potentialAction":[{"@type":"ReadAction","target":["https:\/\/www.magnum-design.fr\/communication-print\/"]}]},{"@type":"ImageObject","inLanguage":"en-GB","@id":"https:\/\/www.magnum-design.fr\/communication-print\/#primaryimage","url":"https:\/\/www.magnum-design.fr\/wp-content\/uploads\/produit-imprime-catalogue-min.webp","contentUrl":"https:\/\/www.magnum-design.fr\/wp-content\/uploads\/produit-imprime-catalogue-min.webp"},{"@type":"BreadcrumbList","@id":"https:\/\/www.magnum-design.fr\/communication-print\/#breadcrumb","itemListElement":[{"@type":"ListItem","position":1,"name":"Accueil","item":"https:\/\/www.magnum-design.fr\/"},{"@type":"ListItem","position":2,"name":"Supports imprim\u00e9s"}]},{"@type":"WebSite","@id":"https:\/\/www.magnum-design.fr\/#website","url":"https:\/\/www.magnum-design.fr\/","name":"","description":"cr\u00e9ations graphique web et print","potentialAction":[{"@type":"SearchAction","target":{"@type":"EntryPoint","urlTemplate":"https:\/\/www.magnum-design.fr\/?s={search_term_string}"},"query-input":{"@type":"PropertyValueSpecification","valueRequired":true,"valueName":"search_term_string"}}],"inLanguage":"en-GB"}]}},"_links":{"self":[{"href":"https:\/\/www.magnum-design.fr\/en\/wp-json\/wp\/v2\/pages\/662","targetHints":{"allow":["GET"]}}],"collection":[{"href":"https:\/\/www.magnum-design.fr\/en\/wp-json\/wp\/v2\/pages"}],"about":[{"href":"https:\/\/www.magnum-design.fr\/en\/wp-json\/wp\/v2\/types\/page"}],"author":[{"embeddable":true,"href":"https:\/\/www.magnum-design.fr\/en\/wp-json\/wp\/v2\/users\/1"}],"replies":[{"embeddable":true,"href":"https:\/\/www.magnum-design.fr\/en\/wp-json\/wp\/v2\/comments?post=662"}],"version-history":[{"count":0,"href":"https:\/\/www.magnum-design.fr\/en\/wp-json\/wp\/v2\/pages\/662\/revisions"}],"wp:attachment":[{"href":"https:\/\/www.magnum-design.fr\/en\/wp-json\/wp\/v2\/media?parent=662"}],"curies":[{"name":"wp","href":"https:\/\/api.w.org\/{rel}","templated":true}]}}