{"id":5087,"date":"2025-03-23T18:42:40","date_gmt":"2025-03-23T17:42:40","guid":{"rendered":"https:\/\/www.magnum-design.fr\/?page_id=5087"},"modified":"2025-03-23T19:24:47","modified_gmt":"2025-03-23T18:24:47","slug":"wino","status":"publish","type":"page","link":"https:\/\/www.magnum-design.fr\/en\/wino\/","title":{"rendered":"Wino"},"content":{"rendered":"<div data-elementor-type=\"wp-page\" data-elementor-id=\"5087\" class=\"elementor elementor-5087\" data-elementor-post-type=\"page\">\n\t\t\t\t\t\t<section class=\"elementor-section elementor-top-section elementor-element elementor-element-5f88ced9 elementor-section-boxed elementor-section-height-default elementor-section-height-default\" data-id=\"5f88ced9\" data-element_type=\"section\" data-e-type=\"section\">\n\t\t\t\t\t\t<div class=\"elementor-container elementor-column-gap-default\">\n\t\t\t\t\t<div class=\"elementor-column elementor-col-50 elementor-top-column elementor-element elementor-element-19352347\" data-id=\"19352347\" data-element_type=\"column\" data-e-type=\"column\">\n\t\t\t<div class=\"elementor-widget-wrap elementor-element-populated\">\n\t\t\t\t\t\t<div class=\"elementor-element elementor-element-6164152c elementor-widget__width-initial elementor-icon-list--layout-traditional elementor-list-item-link-full_width elementor-widget elementor-widget-icon-list\" data-id=\"6164152c\" data-element_type=\"widget\" data-e-type=\"widget\" data-widget_type=\"icon-list.default\">\n\t\t\t\t<div class=\"elementor-widget-container\">\n\t\t\t\t\t\t\t<ul class=\"elementor-icon-list-items\">\n\t\t\t\t\t\t\t<li class=\"elementor-icon-list-item\">\n\t\t\t\t\t\t\t\t\t\t\t<a href=\"https:\/\/www.magnum-design.fr\/en\/portfolio\/\" rel=\"nofollow\">\n\n\t\t\t\t\t\t\t\t\t\t\t\t<span class=\"elementor-icon-list-icon\">\n\t\t\t\t\t\t\t<i aria-hidden=\"true\" class=\"fas fa-chevron-left\"><\/i>\t\t\t\t\t\t<\/span>\n\t\t\t\t\t\t\t\t\t\t<span class=\"elementor-icon-list-text\">retour<\/span>\n\t\t\t\t\t\t\t\t\t\t\t<\/a>\n\t\t\t\t\t\t\t\t\t<\/li>\n\t\t\t\t\t\t<\/ul>\n\t\t\t\t\t\t<\/div>\n\t\t\t\t<\/div>\n\t\t\t\t<div class=\"elementor-element elementor-element-272b0d8 elementor-widget__width-initial elementor-widget-mobile__width-initial elementor-widget elementor-widget-text-editor\" data-id=\"272b0d8\" data-element_type=\"widget\" data-e-type=\"widget\" data-widget_type=\"text-editor.default\">\n\t\t\t\t<div class=\"elementor-widget-container\">\n\t\t\t\t\t\t\t\t\t<p>Wino<\/p>\t\t\t\t\t\t\t\t<\/div>\n\t\t\t\t<\/div>\n\t\t\t\t<div class=\"elementor-element elementor-element-71a7a85f elementor-widget__width-initial elementor-widget elementor-widget-image\" data-id=\"71a7a85f\" data-element_type=\"widget\" data-e-type=\"widget\" data-widget_type=\"image.default\">\n\t\t\t\t<div class=\"elementor-widget-container\">\n\t\t\t\t\t\t\t\t\t\t\t\t\t\t\t<img decoding=\"async\" width=\"473\" height=\"44\" src=\"https:\/\/www.magnum-design.fr\/wp-content\/uploads\/vague-violette-1.svg\" class=\"attachment-large size-large wp-image-5098\" alt=\"\" \/>\t\t\t\t\t\t\t\t\t\t\t\t\t\t\t<\/div>\n\t\t\t\t<\/div>\n\t\t\t\t<div class=\"elementor-element elementor-element-75d21ddc elementor-widget__width-initial elementor-widget elementor-widget-text-editor\" data-id=\"75d21ddc\" data-element_type=\"widget\" data-e-type=\"widget\" data-widget_type=\"text-editor.default\">\n\t\t\t\t<div class=\"elementor-widget-container\">\n\t\t\t\t\t\t\t\t\t<p>Cr\u00e9ation d&rsquo;un projet de plateforme de site web dans le cadre <strong>d&rsquo;une formation en UX\/UI design<\/strong>. <strong>Wino<\/strong> est une plateforme innovante qui repousse les limites de l\u2019interaction entre l\u2019homme et l\u2019intelligence artificielle. D\u00e9velopp\u00e9e pour accompagner le robot <strong data-start=\"249\" data-end=\"262\">Eilik AI+<\/strong>, elle permet aux utilisateurs de <strong data-start=\"296\" data-end=\"345\">configurer et personnaliser des assistants AI<\/strong> adapt\u00e9s \u00e0 leurs besoins, \u00e0 l\u2019image des <strong data-start=\"385\" data-end=\"402\">GPTs d\u2019OpenAI<\/strong>.<\/p><div class=\"flex max-w-full flex-col flex-grow\"><div class=\"min-h-8 text-message relative flex w-full flex-col items-end gap-2 whitespace-normal break-words text-start [.text-message+&amp;]:mt-5\" dir=\"auto\" data-message-author-role=\"assistant\" data-message-id=\"b986458e-e6ed-46ce-8538-3f9282b748eb\" data-message-model-slug=\"gpt-4o\"><div class=\"flex w-full flex-col gap-1 empty:hidden first:pt-[3px]\"><div class=\"markdown prose w-full break-words dark:prose-invert light\"><p class=\"\" data-start=\"407\" data-end=\"736\">Gr\u00e2ce \u00e0 <strong>Wino<\/strong>, chaque utilisateur peut fa\u00e7onner l\u2019intelligence \u00e9motionnelle du robot pour offrir une exp\u00e9rience unique et sur mesure. Dans le cadre de l\u2019\u00e9ducation, la plateforme ouvre <strong data-start=\"590\" data-end=\"635\">de nouvelles perspectives d\u2019apprentissage<\/strong>, du primaire au lyc\u00e9e, en transformant le robot en v\u00e9ritable <strong data-start=\"697\" data-end=\"733\">assistant p\u00e9dagogique interactif<\/strong>.<\/p><p class=\"\" data-start=\"738\" data-end=\"952\">Avec son identit\u00e9 visuelle moderne et fluide, inspir\u00e9e de l\u2019univers de la connaissance et de l\u2019\u00e9volution, Wino incarne une <strong data-start=\"861\" data-end=\"905\">approche accessible et intuitive de l\u2019IA<\/strong>, au service de l\u2019innovation et de l\u2019\u00e9ducation.<\/p><\/div><\/div><\/div><\/div>\t\t\t\t\t\t\t\t<\/div>\n\t\t\t\t<\/div>\n\t\t\t\t\t<\/div>\n\t\t<\/div>\n\t\t\t\t<div class=\"elementor-column elementor-col-50 elementor-top-column elementor-element elementor-element-5460a770\" data-id=\"5460a770\" data-element_type=\"column\" data-e-type=\"column\">\n\t\t\t<div class=\"elementor-widget-wrap elementor-element-populated\">\n\t\t\t\t\t\t<div class=\"elementor-element elementor-element-2a15f724 elementor-widget__width-initial elementor-widget elementor-widget-image\" data-id=\"2a15f724\" data-element_type=\"widget\" data-e-type=\"widget\" data-widget_type=\"image.default\">\n\t\t\t\t<div class=\"elementor-widget-container\">\n\t\t\t\t\t\t\t\t\t\t\t\t\t\t\t<img fetchpriority=\"high\" decoding=\"async\" width=\"768\" height=\"543\" src=\"https:\/\/www.magnum-design.fr\/wp-content\/uploads\/wino-01-768x543.jpg\" class=\"attachment-medium_large size-medium_large wp-image-5092\" alt=\"wino home page\" srcset=\"https:\/\/www.magnum-design.fr\/wp-content\/uploads\/wino-01-768x543.jpg 768w, https:\/\/www.magnum-design.fr\/wp-content\/uploads\/wino-01-300x212.jpg 300w, https:\/\/www.magnum-design.fr\/wp-content\/uploads\/wino-01-1024x724.jpg 1024w, https:\/\/www.magnum-design.fr\/wp-content\/uploads\/wino-01-1536x1086.jpg 1536w, https:\/\/www.magnum-design.fr\/wp-content\/uploads\/wino-01-18x12.jpg 18w, https:\/\/www.magnum-design.fr\/wp-content\/uploads\/wino-01.jpg 1754w\" sizes=\"(max-width: 768px) 100vw, 768px\" \/>\t\t\t\t\t\t\t\t\t\t\t\t\t\t\t<\/div>\n\t\t\t\t<\/div>\n\t\t\t\t<div class=\"elementor-element elementor-element-4ca05303 elementor-widget__width-initial elementor-widget elementor-widget-image\" data-id=\"4ca05303\" data-element_type=\"widget\" data-e-type=\"widget\" data-widget_type=\"image.default\">\n\t\t\t\t<div class=\"elementor-widget-container\">\n\t\t\t\t\t\t\t\t\t\t\t\t\t\t\t<img decoding=\"async\" width=\"768\" height=\"543\" src=\"https:\/\/www.magnum-design.fr\/wp-content\/uploads\/wino-02-1-768x543.jpg\" class=\"attachment-medium_large size-medium_large wp-image-5100\" alt=\"contexte wino\" srcset=\"https:\/\/www.magnum-design.fr\/wp-content\/uploads\/wino-02-1-768x543.jpg 768w, https:\/\/www.magnum-design.fr\/wp-content\/uploads\/wino-02-1-300x212.jpg 300w, https:\/\/www.magnum-design.fr\/wp-content\/uploads\/wino-02-1-1024x724.jpg 1024w, https:\/\/www.magnum-design.fr\/wp-content\/uploads\/wino-02-1-1536x1086.jpg 1536w, https:\/\/www.magnum-design.fr\/wp-content\/uploads\/wino-02-1-18x12.jpg 18w, https:\/\/www.magnum-design.fr\/wp-content\/uploads\/wino-02-1.jpg 1754w\" sizes=\"(max-width: 768px) 100vw, 768px\" \/>\t\t\t\t\t\t\t\t\t\t\t\t\t\t\t<\/div>\n\t\t\t\t<\/div>\n\t\t\t\t<div class=\"elementor-element elementor-element-3c51da32 elementor-widget__width-initial elementor-widget elementor-widget-image\" data-id=\"3c51da32\" data-element_type=\"widget\" data-e-type=\"widget\" data-widget_type=\"image.default\">\n\t\t\t\t<div class=\"elementor-widget-container\">\n\t\t\t\t\t\t\t\t\t\t\t\t\t\t\t<img loading=\"lazy\" decoding=\"async\" width=\"768\" height=\"543\" src=\"https:\/\/www.magnum-design.fr\/wp-content\/uploads\/wino-06-768x543.jpg\" class=\"attachment-medium_large size-medium_large wp-image-5104\" alt=\"\" srcset=\"https:\/\/www.magnum-design.fr\/wp-content\/uploads\/wino-06-768x543.jpg 768w, https:\/\/www.magnum-design.fr\/wp-content\/uploads\/wino-06-300x212.jpg 300w, https:\/\/www.magnum-design.fr\/wp-content\/uploads\/wino-06-1024x724.jpg 1024w, https:\/\/www.magnum-design.fr\/wp-content\/uploads\/wino-06-1536x1086.jpg 1536w, https:\/\/www.magnum-design.fr\/wp-content\/uploads\/wino-06-18x12.jpg 18w, https:\/\/www.magnum-design.fr\/wp-content\/uploads\/wino-06.jpg 1754w\" sizes=\"(max-width: 768px) 100vw, 768px\" \/>\t\t\t\t\t\t\t\t\t\t\t\t\t\t\t<\/div>\n\t\t\t\t<\/div>\n\t\t\t\t<div class=\"elementor-element elementor-element-6f58abc7 elementor-widget__width-initial elementor-widget elementor-widget-image\" data-id=\"6f58abc7\" data-element_type=\"widget\" data-e-type=\"widget\" data-widget_type=\"image.default\">\n\t\t\t\t<div class=\"elementor-widget-container\">\n\t\t\t\t\t\t\t\t\t\t\t\t\t\t\t<img loading=\"lazy\" decoding=\"async\" width=\"768\" height=\"543\" src=\"https:\/\/www.magnum-design.fr\/wp-content\/uploads\/wino-08-768x543.jpg\" class=\"attachment-medium_large size-medium_large wp-image-5106\" alt=\"\" srcset=\"https:\/\/www.magnum-design.fr\/wp-content\/uploads\/wino-08-768x543.jpg 768w, https:\/\/www.magnum-design.fr\/wp-content\/uploads\/wino-08-300x212.jpg 300w, https:\/\/www.magnum-design.fr\/wp-content\/uploads\/wino-08-1024x724.jpg 1024w, https:\/\/www.magnum-design.fr\/wp-content\/uploads\/wino-08-1536x1086.jpg 1536w, https:\/\/www.magnum-design.fr\/wp-content\/uploads\/wino-08-18x12.jpg 18w, https:\/\/www.magnum-design.fr\/wp-content\/uploads\/wino-08.jpg 1754w\" sizes=\"(max-width: 768px) 100vw, 768px\" \/>\t\t\t\t\t\t\t\t\t\t\t\t\t\t\t<\/div>\n\t\t\t\t<\/div>\n\t\t\t\t<div class=\"elementor-element elementor-element-71177dea elementor-widget__width-initial elementor-widget elementor-widget-image\" data-id=\"71177dea\" data-element_type=\"widget\" data-e-type=\"widget\" data-widget_type=\"image.default\">\n\t\t\t\t<div class=\"elementor-widget-container\">\n\t\t\t\t\t\t\t\t\t\t\t\t\t\t\t<img loading=\"lazy\" decoding=\"async\" width=\"768\" height=\"543\" src=\"https:\/\/www.magnum-design.fr\/wp-content\/uploads\/wino-03-768x543.jpg\" class=\"attachment-medium_large size-medium_large wp-image-5094\" alt=\"moodboard wino\" srcset=\"https:\/\/www.magnum-design.fr\/wp-content\/uploads\/wino-03-768x543.jpg 768w, https:\/\/www.magnum-design.fr\/wp-content\/uploads\/wino-03-300x212.jpg 300w, https:\/\/www.magnum-design.fr\/wp-content\/uploads\/wino-03-1024x724.jpg 1024w, https:\/\/www.magnum-design.fr\/wp-content\/uploads\/wino-03-1536x1086.jpg 1536w, https:\/\/www.magnum-design.fr\/wp-content\/uploads\/wino-03-18x12.jpg 18w, https:\/\/www.magnum-design.fr\/wp-content\/uploads\/wino-03.jpg 1754w\" sizes=\"(max-width: 768px) 100vw, 768px\" \/>\t\t\t\t\t\t\t\t\t\t\t\t\t\t\t<\/div>\n\t\t\t\t<\/div>\n\t\t\t\t<div class=\"elementor-element elementor-element-32d4fda6 elementor-widget__width-initial elementor-widget elementor-widget-image\" data-id=\"32d4fda6\" data-element_type=\"widget\" data-e-type=\"widget\" data-widget_type=\"image.default\">\n\t\t\t\t<div class=\"elementor-widget-container\">\n\t\t\t\t\t\t\t\t\t\t\t\t\t\t\t<img loading=\"lazy\" decoding=\"async\" width=\"768\" height=\"543\" src=\"https:\/\/www.magnum-design.fr\/wp-content\/uploads\/wino-04-1-768x543.jpg\" class=\"attachment-medium_large size-medium_large wp-image-5102\" alt=\"\" srcset=\"https:\/\/www.magnum-design.fr\/wp-content\/uploads\/wino-04-1-768x543.jpg 768w, https:\/\/www.magnum-design.fr\/wp-content\/uploads\/wino-04-1-300x212.jpg 300w, https:\/\/www.magnum-design.fr\/wp-content\/uploads\/wino-04-1-1024x724.jpg 1024w, https:\/\/www.magnum-design.fr\/wp-content\/uploads\/wino-04-1-1536x1086.jpg 1536w, https:\/\/www.magnum-design.fr\/wp-content\/uploads\/wino-04-1-18x12.jpg 18w, https:\/\/www.magnum-design.fr\/wp-content\/uploads\/wino-04-1.jpg 1754w\" sizes=\"(max-width: 768px) 100vw, 768px\" \/>\t\t\t\t\t\t\t\t\t\t\t\t\t\t\t<\/div>\n\t\t\t\t<\/div>\n\t\t\t\t<div class=\"elementor-element elementor-element-1ce4bf8f elementor-widget__width-initial elementor-widget elementor-widget-image\" data-id=\"1ce4bf8f\" data-element_type=\"widget\" data-e-type=\"widget\" data-widget_type=\"image.default\">\n\t\t\t\t<div class=\"elementor-widget-container\">\n\t\t\t\t\t\t\t\t\t\t\t\t\t\t\t<img loading=\"lazy\" decoding=\"async\" width=\"768\" height=\"543\" src=\"https:\/\/www.magnum-design.fr\/wp-content\/uploads\/wino-07-768x543.jpg\" class=\"attachment-medium_large size-medium_large wp-image-5105\" alt=\"ui kit wino\" srcset=\"https:\/\/www.magnum-design.fr\/wp-content\/uploads\/wino-07-768x543.jpg 768w, https:\/\/www.magnum-design.fr\/wp-content\/uploads\/wino-07-300x212.jpg 300w, https:\/\/www.magnum-design.fr\/wp-content\/uploads\/wino-07-1024x724.jpg 1024w, https:\/\/www.magnum-design.fr\/wp-content\/uploads\/wino-07-1536x1086.jpg 1536w, https:\/\/www.magnum-design.fr\/wp-content\/uploads\/wino-07-18x12.jpg 18w, https:\/\/www.magnum-design.fr\/wp-content\/uploads\/wino-07.jpg 1754w\" sizes=\"(max-width: 768px) 100vw, 768px\" \/>\t\t\t\t\t\t\t\t\t\t\t\t\t\t\t<\/div>\n\t\t\t\t<\/div>\n\t\t\t\t<div class=\"elementor-element elementor-element-a2c2087 elementor-widget__width-initial elementor-widget elementor-widget-image\" data-id=\"a2c2087\" data-element_type=\"widget\" data-e-type=\"widget\" data-widget_type=\"image.default\">\n\t\t\t\t<div class=\"elementor-widget-container\">\n\t\t\t\t\t\t\t\t\t\t\t\t\t\t\t\t<a href=\"https:\/\/www.figma.com\/design\/wv8JYui7Zy7BAYPm8KUF1J\/Wino?node-id=872218-2416&#038;t=elptKg3cxzEBxWw7-1\" target=\"_blank\" rel=\"nofollow\">\n\t\t\t\t\t\t\t<img loading=\"lazy\" decoding=\"async\" width=\"768\" height=\"543\" src=\"https:\/\/www.magnum-design.fr\/wp-content\/uploads\/wino-11-1-768x543.jpg\" class=\"attachment-medium_large size-medium_large wp-image-5144\" alt=\"\" srcset=\"https:\/\/www.magnum-design.fr\/wp-content\/uploads\/wino-11-1-768x543.jpg 768w, https:\/\/www.magnum-design.fr\/wp-content\/uploads\/wino-11-1-300x212.jpg 300w, https:\/\/www.magnum-design.fr\/wp-content\/uploads\/wino-11-1-1024x724.jpg 1024w, https:\/\/www.magnum-design.fr\/wp-content\/uploads\/wino-11-1-1536x1086.jpg 1536w, https:\/\/www.magnum-design.fr\/wp-content\/uploads\/wino-11-1-18x12.jpg 18w, https:\/\/www.magnum-design.fr\/wp-content\/uploads\/wino-11-1.jpg 1754w\" sizes=\"(max-width: 768px) 100vw, 768px\" \/>\t\t\t\t\t\t\t\t<\/a>\n\t\t\t\t\t\t\t\t\t\t\t\t\t\t\t<\/div>\n\t\t\t\t<\/div>\n\t\t\t\t<div class=\"elementor-element elementor-element-1b9d3671 elementor-widget__width-initial elementor-widget elementor-widget-image\" data-id=\"1b9d3671\" data-element_type=\"widget\" data-e-type=\"widget\" data-widget_type=\"image.default\">\n\t\t\t\t<div class=\"elementor-widget-container\">\n\t\t\t\t\t\t\t\t\t\t\t\t\t\t\t\t<a href=\"https:\/\/www.youtube.com\/watch?v=fKLq3NyIPvo\" target=\"_blank\">\n\t\t\t\t\t\t\t<img loading=\"lazy\" decoding=\"async\" width=\"768\" height=\"543\" src=\"https:\/\/www.magnum-design.fr\/wp-content\/uploads\/wino-09-1-768x543.jpg\" class=\"attachment-medium_large size-medium_large wp-image-5116\" alt=\"\" srcset=\"https:\/\/www.magnum-design.fr\/wp-content\/uploads\/wino-09-1-768x543.jpg 768w, https:\/\/www.magnum-design.fr\/wp-content\/uploads\/wino-09-1-300x212.jpg 300w, https:\/\/www.magnum-design.fr\/wp-content\/uploads\/wino-09-1-1024x724.jpg 1024w, https:\/\/www.magnum-design.fr\/wp-content\/uploads\/wino-09-1-1536x1086.jpg 1536w, https:\/\/www.magnum-design.fr\/wp-content\/uploads\/wino-09-1-18x12.jpg 18w, https:\/\/www.magnum-design.fr\/wp-content\/uploads\/wino-09-1.jpg 1754w\" sizes=\"(max-width: 768px) 100vw, 768px\" \/>\t\t\t\t\t\t\t\t<\/a>\n\t\t\t\t\t\t\t\t\t\t\t\t\t\t\t<\/div>\n\t\t\t\t<\/div>\n\t\t\t\t<div class=\"elementor-element elementor-element-64f51a94 elementor-widget__width-initial elementor-widget elementor-widget-button\" data-id=\"64f51a94\" data-element_type=\"widget\" data-e-type=\"widget\" data-widget_type=\"button.default\">\n\t\t\t\t<div class=\"elementor-widget-container\">\n\t\t\t\t\t\t\t\t\t<div class=\"elementor-button-wrapper\">\n\t\t\t\t\t<a class=\"elementor-button elementor-button-link elementor-size-sm\" href=\"https:\/\/www.magnum-design.fr\/en\/portfolio\/\" target=\"_blank\">\n\t\t\t\t\t\t<span class=\"elementor-button-content-wrapper\">\n\t\t\t\t\t\t<span class=\"elementor-button-icon\">\n\t\t\t\t<i aria-hidden=\"true\" class=\"fas fa-angle-left\"><\/i>\t\t\t<\/span>\n\t\t\t\t\t\t\t\t\t<span class=\"elementor-button-text\">pr\u00e9c\u00e9dent<\/span>\n\t\t\t\t\t<\/span>\n\t\t\t\t\t<\/a>\n\t\t\t\t<\/div>\n\t\t\t\t\t\t\t\t<\/div>\n\t\t\t\t<\/div>\n\t\t\t\t<div class=\"elementor-element elementor-element-be3ba68 elementor-align-right elementor-widget__width-initial elementor-widget elementor-widget-button\" data-id=\"be3ba68\" data-element_type=\"widget\" data-e-type=\"widget\" data-widget_type=\"button.default\">\n\t\t\t\t<div class=\"elementor-widget-container\">\n\t\t\t\t\t\t\t\t\t<div class=\"elementor-button-wrapper\">\n\t\t\t\t\t<a class=\"elementor-button elementor-button-link elementor-size-sm\" href=\"https:\/\/www.magnum-design.fr\/en\/chefcocktail\/\" target=\"_blank\">\n\t\t\t\t\t\t<span class=\"elementor-button-content-wrapper\">\n\t\t\t\t\t\t<span class=\"elementor-button-icon\">\n\t\t\t\t<i aria-hidden=\"true\" class=\"fas fa-angle-right\"><\/i>\t\t\t<\/span>\n\t\t\t\t\t\t\t\t\t<span class=\"elementor-button-text\">suivant<\/span>\n\t\t\t\t\t<\/span>\n\t\t\t\t\t<\/a>\n\t\t\t\t<\/div>\n\t\t\t\t\t\t\t\t<\/div>\n\t\t\t\t<\/div>\n\t\t\t\t\t<\/div>\n\t\t<\/div>\n\t\t\t\t\t<\/div>\n\t\t<\/section>\n\t\t\t\t<\/div>","protected":false},"excerpt":{"rendered":"<p>retour Wino Cr\u00e9ation d&rsquo;un projet de plateforme de site web dans le cadre d&rsquo;une formation en UX\/UI design. Wino est une plateforme innovante qui repousse les limites de l\u2019interaction entre l\u2019homme et l\u2019intelligence artificielle. D\u00e9velopp\u00e9e pour accompagner le robot Eilik AI+, elle permet aux utilisateurs de configurer et personnaliser des assistants AI adapt\u00e9s \u00e0 leurs&#8230;<\/p>","protected":false},"author":1,"featured_media":0,"parent":0,"menu_order":0,"comment_status":"closed","ping_status":"closed","template":"","meta":{"_kad_post_transparent":"","_kad_post_title":"hide","_kad_post_layout":"fullwidth","_kad_post_sidebar_id":"","_kad_post_content_style":"unboxed","_kad_post_vertical_padding":"hide","_kad_post_feature":"hide","_kad_post_feature_position":"","_kad_post_header":false,"_kad_post_footer":false,"footnotes":""},"class_list":["post-5087","page","type-page","status-publish","hentry"],"yoast_head":"<!-- This site is optimized with the Yoast SEO plugin v24.7 - https:\/\/yoast.com\/wordpress\/plugins\/seo\/ -->\n<title>Wino -<\/title>\n<meta name=\"robots\" content=\"index, follow, max-snippet:-1, max-image-preview:large, max-video-preview:-1\" \/>\n<link rel=\"canonical\" href=\"https:\/\/www.magnum-design.fr\/en\/wino\/\" \/>\n<meta property=\"og:locale\" content=\"en_GB\" \/>\n<meta property=\"og:type\" content=\"article\" \/>\n<meta property=\"og:title\" content=\"Wino -\" \/>\n<meta property=\"og:description\" content=\"retour Wino Cr\u00e9ation d&rsquo;un projet de plateforme de site web dans le cadre d&rsquo;une formation en UX\/UI design. Wino est une plateforme innovante qui repousse les limites de l\u2019interaction entre l\u2019homme et l\u2019intelligence artificielle. D\u00e9velopp\u00e9e pour accompagner le robot Eilik AI+, elle permet aux utilisateurs de configurer et personnaliser des assistants AI adapt\u00e9s \u00e0 leurs...\" \/>\n<meta property=\"og:url\" content=\"https:\/\/www.magnum-design.fr\/en\/wino\/\" \/>\n<meta property=\"article:modified_time\" content=\"2025-03-23T18:24:47+00:00\" \/>\n<meta name=\"twitter:card\" content=\"summary_large_image\" \/>\n<meta name=\"twitter:label1\" content=\"Estimated reading time\" \/>\n\t<meta name=\"twitter:data1\" content=\"3 minutes\" \/>\n<script type=\"application\/ld+json\" class=\"yoast-schema-graph\">{\"@context\":\"https:\/\/schema.org\",\"@graph\":[{\"@type\":\"WebPage\",\"@id\":\"https:\/\/www.magnum-design.fr\/wino\/\",\"url\":\"https:\/\/www.magnum-design.fr\/wino\/\",\"name\":\"Wino -\",\"isPartOf\":{\"@id\":\"https:\/\/www.magnum-design.fr\/#website\"},\"primaryImageOfPage\":{\"@id\":\"https:\/\/www.magnum-design.fr\/wino\/#primaryimage\"},\"image\":{\"@id\":\"https:\/\/www.magnum-design.fr\/wino\/#primaryimage\"},\"thumbnailUrl\":\"https:\/\/www.magnum-design.fr\/wp-content\/uploads\/vague-violette-1.svg\",\"datePublished\":\"2025-03-23T17:42:40+00:00\",\"dateModified\":\"2025-03-23T18:24:47+00:00\",\"breadcrumb\":{\"@id\":\"https:\/\/www.magnum-design.fr\/wino\/#breadcrumb\"},\"inLanguage\":\"en-GB\",\"potentialAction\":[{\"@type\":\"ReadAction\",\"target\":[\"https:\/\/www.magnum-design.fr\/wino\/\"]}]},{\"@type\":\"ImageObject\",\"inLanguage\":\"en-GB\",\"@id\":\"https:\/\/www.magnum-design.fr\/wino\/#primaryimage\",\"url\":\"https:\/\/www.magnum-design.fr\/wp-content\/uploads\/vague-violette-1.svg\",\"contentUrl\":\"https:\/\/www.magnum-design.fr\/wp-content\/uploads\/vague-violette-1.svg\"},{\"@type\":\"BreadcrumbList\",\"@id\":\"https:\/\/www.magnum-design.fr\/wino\/#breadcrumb\",\"itemListElement\":[{\"@type\":\"ListItem\",\"position\":1,\"name\":\"Accueil\",\"item\":\"https:\/\/www.magnum-design.fr\/\"},{\"@type\":\"ListItem\",\"position\":2,\"name\":\"Wino\"}]},{\"@type\":\"WebSite\",\"@id\":\"https:\/\/www.magnum-design.fr\/#website\",\"url\":\"https:\/\/www.magnum-design.fr\/\",\"name\":\"\",\"description\":\"cr\u00e9ations graphique web et print\",\"potentialAction\":[{\"@type\":\"SearchAction\",\"target\":{\"@type\":\"EntryPoint\",\"urlTemplate\":\"https:\/\/www.magnum-design.fr\/?s={search_term_string}\"},\"query-input\":{\"@type\":\"PropertyValueSpecification\",\"valueRequired\":true,\"valueName\":\"search_term_string\"}}],\"inLanguage\":\"en-GB\"}]}<\/script>\n<!-- \/ Yoast SEO plugin. -->","yoast_head_json":{"title":"Wino -","robots":{"index":"index","follow":"follow","max-snippet":"max-snippet:-1","max-image-preview":"max-image-preview:large","max-video-preview":"max-video-preview:-1"},"canonical":"https:\/\/www.magnum-design.fr\/en\/wino\/","og_locale":"en_GB","og_type":"article","og_title":"Wino -","og_description":"retour Wino Cr\u00e9ation d&rsquo;un projet de plateforme de site web dans le cadre d&rsquo;une formation en UX\/UI design. Wino est une plateforme innovante qui repousse les limites de l\u2019interaction entre l\u2019homme et l\u2019intelligence artificielle. D\u00e9velopp\u00e9e pour accompagner le robot Eilik AI+, elle permet aux utilisateurs de configurer et personnaliser des assistants AI adapt\u00e9s \u00e0 leurs...","og_url":"https:\/\/www.magnum-design.fr\/en\/wino\/","article_modified_time":"2025-03-23T18:24:47+00:00","twitter_card":"summary_large_image","twitter_misc":{"Estimated reading time":"3 minutes"},"schema":{"@context":"https:\/\/schema.org","@graph":[{"@type":"WebPage","@id":"https:\/\/www.magnum-design.fr\/wino\/","url":"https:\/\/www.magnum-design.fr\/wino\/","name":"Wino -","isPartOf":{"@id":"https:\/\/www.magnum-design.fr\/#website"},"primaryImageOfPage":{"@id":"https:\/\/www.magnum-design.fr\/wino\/#primaryimage"},"image":{"@id":"https:\/\/www.magnum-design.fr\/wino\/#primaryimage"},"thumbnailUrl":"https:\/\/www.magnum-design.fr\/wp-content\/uploads\/vague-violette-1.svg","datePublished":"2025-03-23T17:42:40+00:00","dateModified":"2025-03-23T18:24:47+00:00","breadcrumb":{"@id":"https:\/\/www.magnum-design.fr\/wino\/#breadcrumb"},"inLanguage":"en-GB","potentialAction":[{"@type":"ReadAction","target":["https:\/\/www.magnum-design.fr\/wino\/"]}]},{"@type":"ImageObject","inLanguage":"en-GB","@id":"https:\/\/www.magnum-design.fr\/wino\/#primaryimage","url":"https:\/\/www.magnum-design.fr\/wp-content\/uploads\/vague-violette-1.svg","contentUrl":"https:\/\/www.magnum-design.fr\/wp-content\/uploads\/vague-violette-1.svg"},{"@type":"BreadcrumbList","@id":"https:\/\/www.magnum-design.fr\/wino\/#breadcrumb","itemListElement":[{"@type":"ListItem","position":1,"name":"Accueil","item":"https:\/\/www.magnum-design.fr\/"},{"@type":"ListItem","position":2,"name":"Wino"}]},{"@type":"WebSite","@id":"https:\/\/www.magnum-design.fr\/#website","url":"https:\/\/www.magnum-design.fr\/","name":"","description":"cr\u00e9ations graphique web et print","potentialAction":[{"@type":"SearchAction","target":{"@type":"EntryPoint","urlTemplate":"https:\/\/www.magnum-design.fr\/?s={search_term_string}"},"query-input":{"@type":"PropertyValueSpecification","valueRequired":true,"valueName":"search_term_string"}}],"inLanguage":"en-GB"}]}},"_links":{"self":[{"href":"https:\/\/www.magnum-design.fr\/en\/wp-json\/wp\/v2\/pages\/5087","targetHints":{"allow":["GET"]}}],"collection":[{"href":"https:\/\/www.magnum-design.fr\/en\/wp-json\/wp\/v2\/pages"}],"about":[{"href":"https:\/\/www.magnum-design.fr\/en\/wp-json\/wp\/v2\/types\/page"}],"author":[{"embeddable":true,"href":"https:\/\/www.magnum-design.fr\/en\/wp-json\/wp\/v2\/users\/1"}],"replies":[{"embeddable":true,"href":"https:\/\/www.magnum-design.fr\/en\/wp-json\/wp\/v2\/comments?post=5087"}],"version-history":[{"count":0,"href":"https:\/\/www.magnum-design.fr\/en\/wp-json\/wp\/v2\/pages\/5087\/revisions"}],"wp:attachment":[{"href":"https:\/\/www.magnum-design.fr\/en\/wp-json\/wp\/v2\/media?parent=5087"}],"curies":[{"name":"wp","href":"https:\/\/api.w.org\/{rel}","templated":true}]}}