{"id":5050,"date":"2025-03-16T21:48:00","date_gmt":"2025-03-16T20:48:00","guid":{"rendered":"https:\/\/www.magnum-design.fr\/?page_id=5050"},"modified":"2025-03-23T19:18:55","modified_gmt":"2025-03-23T18:18:55","slug":"chefcocktail","status":"publish","type":"page","link":"https:\/\/www.magnum-design.fr\/en\/chefcocktail\/","title":{"rendered":"Chefcocktail"},"content":{"rendered":"<div data-elementor-type=\"wp-page\" data-elementor-id=\"5050\" class=\"elementor elementor-5050\" data-elementor-post-type=\"page\">\n\t\t\t\t\t\t<section class=\"elementor-section elementor-top-section elementor-element elementor-element-815ff56 elementor-section-boxed elementor-section-height-default elementor-section-height-default\" data-id=\"815ff56\" data-element_type=\"section\" data-e-type=\"section\">\n\t\t\t\t\t\t<div class=\"elementor-container elementor-column-gap-default\">\n\t\t\t\t\t<div class=\"elementor-column elementor-col-100 elementor-top-column elementor-element elementor-element-0042973\" data-id=\"0042973\" data-element_type=\"column\" data-e-type=\"column\">\n\t\t\t<div class=\"elementor-widget-wrap\">\n\t\t\t\t\t\t\t<\/div>\n\t\t<\/div>\n\t\t\t\t\t<\/div>\n\t\t<\/section>\n\t\t\t\t<section class=\"elementor-section elementor-top-section elementor-element elementor-element-27ed7f8d elementor-section-boxed elementor-section-height-default elementor-section-height-default\" data-id=\"27ed7f8d\" data-element_type=\"section\" data-e-type=\"section\">\n\t\t\t\t\t\t<div class=\"elementor-container elementor-column-gap-default\">\n\t\t\t\t\t<div class=\"elementor-column elementor-col-50 elementor-top-column elementor-element elementor-element-47322b0b\" data-id=\"47322b0b\" data-element_type=\"column\" data-e-type=\"column\">\n\t\t\t<div class=\"elementor-widget-wrap elementor-element-populated\">\n\t\t\t\t\t\t<div class=\"elementor-element elementor-element-57dc493a elementor-widget__width-initial elementor-icon-list--layout-traditional elementor-list-item-link-full_width elementor-widget elementor-widget-icon-list\" data-id=\"57dc493a\" data-element_type=\"widget\" data-e-type=\"widget\" data-widget_type=\"icon-list.default\">\n\t\t\t\t<div class=\"elementor-widget-container\">\n\t\t\t\t\t\t\t<ul class=\"elementor-icon-list-items\">\n\t\t\t\t\t\t\t<li class=\"elementor-icon-list-item\">\n\t\t\t\t\t\t\t\t\t\t\t<a href=\"https:\/\/www.magnum-design.fr\/en\/portfolio\/\" rel=\"nofollow\">\n\n\t\t\t\t\t\t\t\t\t\t\t\t<span class=\"elementor-icon-list-icon\">\n\t\t\t\t\t\t\t<i aria-hidden=\"true\" class=\"fas fa-chevron-left\"><\/i>\t\t\t\t\t\t<\/span>\n\t\t\t\t\t\t\t\t\t\t<span class=\"elementor-icon-list-text\">retour<\/span>\n\t\t\t\t\t\t\t\t\t\t\t<\/a>\n\t\t\t\t\t\t\t\t\t<\/li>\n\t\t\t\t\t\t<\/ul>\n\t\t\t\t\t\t<\/div>\n\t\t\t\t<\/div>\n\t\t\t\t<div class=\"elementor-element elementor-element-1ed3d1fe elementor-widget__width-initial elementor-widget-mobile__width-initial elementor-widget elementor-widget-text-editor\" data-id=\"1ed3d1fe\" data-element_type=\"widget\" data-e-type=\"widget\" data-widget_type=\"text-editor.default\">\n\t\t\t\t<div class=\"elementor-widget-container\">\n\t\t\t\t\t\t\t\t\t<p>Chef cocktail<\/p>\t\t\t\t\t\t\t\t<\/div>\n\t\t\t\t<\/div>\n\t\t\t\t<div class=\"elementor-element elementor-element-1e892435 elementor-widget__width-initial elementor-widget elementor-widget-image\" data-id=\"1e892435\" data-element_type=\"widget\" data-e-type=\"widget\" data-widget_type=\"image.default\">\n\t\t\t\t<div class=\"elementor-widget-container\">\n\t\t\t\t\t\t\t\t\t\t\t\t\t\t\t<img decoding=\"async\" width=\"473\" height=\"44\" src=\"https:\/\/www.magnum-design.fr\/wp-content\/uploads\/vague-orange.svg\" class=\"attachment-large size-large wp-image-5062\" alt=\"vague orange\" \/>\t\t\t\t\t\t\t\t\t\t\t\t\t\t\t<\/div>\n\t\t\t\t<\/div>\n\t\t\t\t<div class=\"elementor-element elementor-element-57b729bb elementor-widget__width-initial elementor-widget elementor-widget-text-editor\" data-id=\"57b729bb\" data-element_type=\"widget\" data-e-type=\"widget\" data-widget_type=\"text-editor.default\">\n\t\t\t\t<div class=\"elementor-widget-container\">\n\t\t\t\t\t\t\t\t\t<p>R\u00e9alisation du site web <strong><a href=\"https:\/\/chefcocktail.com\">chefcocktail.com<\/a><\/strong> pour le Chef No\u00ebl Picard.<\/p><p><strong style=\"font-family: var(--global-body-font-family);\">Passionn\u00e9 et cr\u00e9atif<\/strong><span style=\"font-family: var(--global-body-font-family);\">, le Chef vous offre une exp\u00e9rience culinaire unique, alliant savoir-faire gastronomique et service sur mesure. De la cuisine raffin\u00e9e \u00e0 l\u2019organisation d\u2019\u00e9v\u00e9nements, il met son expertise \u00e0 votre service pour sublimer chaque moment. Fort de son <\/span>exp\u00e9rience dans des<strong style=\"font-family: var(--global-body-font-family);\"> \u00e9tablissements prestigieux<\/strong><span style=\"font-family: var(--global-body-font-family);\">, il ma\u00eetrise l\u2019art de la <strong>gastronomie fran\u00e7aise<\/strong> visual\u00a0<\/span>partage sa passion<span style=\"font-family: var(--global-body-font-family);\"> lors d\u2019<strong>ateliers culinaires<\/strong>.<\/span><\/p><p><span style=\"font-family: var(--global-body-font-family);\">Avec le Chef No\u00ebl, chaque plat est une invitation \u00e0 savourer des saveurs <strong>authentiques et m\u00e9morables<\/strong>.<\/span><\/p>\t\t\t\t\t\t\t\t<\/div>\n\t\t\t\t<\/div>\n\t\t\t\t\t<\/div>\n\t\t<\/div>\n\t\t\t\t<div class=\"elementor-column elementor-col-50 elementor-top-column elementor-element elementor-element-581c0f2\" data-id=\"581c0f2\" data-element_type=\"column\" data-e-type=\"column\">\n\t\t\t<div class=\"elementor-widget-wrap elementor-element-populated\">\n\t\t\t\t\t\t<div class=\"elementor-element elementor-element-10c0f10f elementor-widget__width-initial elementor-widget elementor-widget-image\" data-id=\"10c0f10f\" data-element_type=\"widget\" data-e-type=\"widget\" data-widget_type=\"image.default\">\n\t\t\t\t<div class=\"elementor-widget-container\">\n\t\t\t\t\t\t\t\t\t\t\t\t\t\t\t\t<a href=\"https:\/\/chefcocktail.com\" target=\"_blank\" rel=\"nofollow\">\n\t\t\t\t\t\t\t<img fetchpriority=\"high\" decoding=\"async\" width=\"768\" height=\"512\" src=\"https:\/\/www.magnum-design.fr\/wp-content\/uploads\/mockup-ordinateur-chefcocktail-768x512.jpg\" class=\"attachment-medium_large size-medium_large wp-image-5056\" alt=\"Site web professionnel pour un traiteur chef \u00e0 domicile proposant des cours de cuisine sur-mesure.\" srcset=\"https:\/\/www.magnum-design.fr\/wp-content\/uploads\/mockup-ordinateur-chefcocktail-768x512.jpg 768w, https:\/\/www.magnum-design.fr\/wp-content\/uploads\/mockup-ordinateur-chefcocktail-300x200.jpg 300w, https:\/\/www.magnum-design.fr\/wp-content\/uploads\/mockup-ordinateur-chefcocktail-1024x683.jpg 1024w, https:\/\/www.magnum-design.fr\/wp-content\/uploads\/mockup-ordinateur-chefcocktail-1536x1024.jpg 1536w, https:\/\/www.magnum-design.fr\/wp-content\/uploads\/mockup-ordinateur-chefcocktail-18x12.jpg 18w, https:\/\/www.magnum-design.fr\/wp-content\/uploads\/mockup-ordinateur-chefcocktail.jpg 1980w\" sizes=\"(max-width: 768px) 100vw, 768px\" \/>\t\t\t\t\t\t\t\t<\/a>\n\t\t\t\t\t\t\t\t\t\t\t\t\t\t\t<\/div>\n\t\t\t\t<\/div>\n\t\t\t\t<div class=\"elementor-element elementor-element-110ce26b elementor-widget__width-initial elementor-widget elementor-widget-image\" data-id=\"110ce26b\" data-element_type=\"widget\" data-e-type=\"widget\" data-widget_type=\"image.default\">\n\t\t\t\t<div class=\"elementor-widget-container\">\n\t\t\t\t\t\t\t\t\t\t\t\t\t\t\t\t<a href=\"https:\/\/chefcocktail.com\" target=\"_blank\" rel=\"nofollow\">\n\t\t\t\t\t\t\t<img decoding=\"async\" width=\"768\" height=\"502\" src=\"https:\/\/www.magnum-design.fr\/wp-content\/uploads\/mockup-website-chefcocktail-768x502.jpg\" class=\"attachment-medium_large size-medium_large wp-image-5057\" alt=\"site web chefcocktail\" srcset=\"https:\/\/www.magnum-design.fr\/wp-content\/uploads\/mockup-website-chefcocktail-768x502.jpg 768w, https:\/\/www.magnum-design.fr\/wp-content\/uploads\/mockup-website-chefcocktail-300x196.jpg 300w, https:\/\/www.magnum-design.fr\/wp-content\/uploads\/mockup-website-chefcocktail-1024x669.jpg 1024w, https:\/\/www.magnum-design.fr\/wp-content\/uploads\/mockup-website-chefcocktail-1536x1004.jpg 1536w, https:\/\/www.magnum-design.fr\/wp-content\/uploads\/mockup-website-chefcocktail-2048x1338.jpg 2048w, https:\/\/www.magnum-design.fr\/wp-content\/uploads\/mockup-website-chefcocktail-18x12.jpg 18w\" sizes=\"(max-width: 768px) 100vw, 768px\" \/>\t\t\t\t\t\t\t\t<\/a>\n\t\t\t\t\t\t\t\t\t\t\t\t\t\t\t<\/div>\n\t\t\t\t<\/div>\n\t\t\t\t<div class=\"elementor-element elementor-element-696b6e59 elementor-widget__width-initial elementor-widget elementor-widget-button\" data-id=\"696b6e59\" data-element_type=\"widget\" data-e-type=\"widget\" data-widget_type=\"button.default\">\n\t\t\t\t<div class=\"elementor-widget-container\">\n\t\t\t\t\t\t\t\t\t<div class=\"elementor-button-wrapper\">\n\t\t\t\t\t<a class=\"elementor-button elementor-button-link elementor-size-sm\" href=\"https:\/\/www.magnum-design.fr\/en\/wino\/\" target=\"_blank\" rel=\"nofollow\">\n\t\t\t\t\t\t<span class=\"elementor-button-content-wrapper\">\n\t\t\t\t\t\t<span class=\"elementor-button-icon\">\n\t\t\t\t<i aria-hidden=\"true\" class=\"fas fa-angle-left\"><\/i>\t\t\t<\/span>\n\t\t\t\t\t\t\t\t\t<span class=\"elementor-button-text\">pr\u00e9c\u00e9dent<\/span>\n\t\t\t\t\t<\/span>\n\t\t\t\t\t<\/a>\n\t\t\t\t<\/div>\n\t\t\t\t\t\t\t\t<\/div>\n\t\t\t\t<\/div>\n\t\t\t\t<div class=\"elementor-element elementor-element-5e049fe3 elementor-align-right elementor-widget__width-initial elementor-widget elementor-widget-button\" data-id=\"5e049fe3\" data-element_type=\"widget\" data-e-type=\"widget\" data-widget_type=\"button.default\">\n\t\t\t\t<div class=\"elementor-widget-container\">\n\t\t\t\t\t\t\t\t\t<div class=\"elementor-button-wrapper\">\n\t\t\t\t\t<a class=\"elementor-button elementor-button-link elementor-size-sm\" href=\"https:\/\/www.magnum-design.fr\/en\/kenji-ramen\/\" target=\"_blank\" rel=\"nofollow\">\n\t\t\t\t\t\t<span class=\"elementor-button-content-wrapper\">\n\t\t\t\t\t\t<span class=\"elementor-button-icon\">\n\t\t\t\t<i aria-hidden=\"true\" class=\"fas fa-angle-right\"><\/i>\t\t\t<\/span>\n\t\t\t\t\t\t\t\t\t<span class=\"elementor-button-text\">suivant<\/span>\n\t\t\t\t\t<\/span>\n\t\t\t\t\t<\/a>\n\t\t\t\t<\/div>\n\t\t\t\t\t\t\t\t<\/div>\n\t\t\t\t<\/div>\n\t\t\t\t<div class=\"elementor-element elementor-element-1356f806 elementor-widget elementor-widget-spacer\" data-id=\"1356f806\" data-element_type=\"widget\" data-e-type=\"widget\" data-widget_type=\"spacer.default\">\n\t\t\t\t<div class=\"elementor-widget-container\">\n\t\t\t\t\t\t\t<div class=\"elementor-spacer\">\n\t\t\t<div class=\"elementor-spacer-inner\"><\/div>\n\t\t<\/div>\n\t\t\t\t\t\t<\/div>\n\t\t\t\t<\/div>\n\t\t\t\t\t<\/div>\n\t\t<\/div>\n\t\t\t\t\t<\/div>\n\t\t<\/section>\n\t\t\t\t<\/div>","protected":false},"excerpt":{"rendered":"<p>retour Chef cocktail R\u00e9alisation du site web chefcocktail.com pour le Chef No\u00ebl Picard. Passionn\u00e9 et cr\u00e9atif, le Chef vous offre une exp\u00e9rience culinaire unique, alliant savoir-faire gastronomique et service sur mesure. De la cuisine raffin\u00e9e \u00e0 l\u2019organisation d\u2019\u00e9v\u00e9nements, il met son expertise \u00e0 votre service pour sublimer chaque moment. Fort de son exp\u00e9rience dans des&#8230;<\/p>","protected":false},"author":1,"featured_media":0,"parent":0,"menu_order":0,"comment_status":"closed","ping_status":"closed","template":"","meta":{"_kad_post_transparent":"","_kad_post_title":"hide","_kad_post_layout":"fullwidth","_kad_post_sidebar_id":"","_kad_post_content_style":"unboxed","_kad_post_vertical_padding":"hide","_kad_post_feature":"hide","_kad_post_feature_position":"","_kad_post_header":false,"_kad_post_footer":false,"footnotes":""},"class_list":["post-5050","page","type-page","status-publish","hentry"],"yoast_head":"<!-- This site is optimized with the Yoast SEO plugin v24.7 - https:\/\/yoast.com\/wordpress\/plugins\/seo\/ -->\n<title>Chefcocktail -<\/title>\n<meta name=\"robots\" content=\"index, follow, max-snippet:-1, max-image-preview:large, max-video-preview:-1\" \/>\n<link rel=\"canonical\" href=\"https:\/\/www.magnum-design.fr\/en\/chefcocktail\/\" \/>\n<meta property=\"og:locale\" content=\"en_GB\" \/>\n<meta property=\"og:type\" content=\"article\" \/>\n<meta property=\"og:title\" content=\"Chefcocktail -\" \/>\n<meta property=\"og:description\" content=\"retour Chef cocktail R\u00e9alisation du site web chefcocktail.com pour le Chef No\u00ebl Picard. Passionn\u00e9 et cr\u00e9atif, le Chef vous offre une exp\u00e9rience culinaire unique, alliant savoir-faire gastronomique et service sur mesure. De la cuisine raffin\u00e9e \u00e0 l\u2019organisation d\u2019\u00e9v\u00e9nements, il met son expertise \u00e0 votre service pour sublimer chaque moment. Fort de son exp\u00e9rience dans des...\" \/>\n<meta property=\"og:url\" content=\"https:\/\/www.magnum-design.fr\/en\/chefcocktail\/\" \/>\n<meta property=\"article:modified_time\" content=\"2025-03-23T18:18:55+00:00\" \/>\n<meta name=\"twitter:card\" content=\"summary_large_image\" \/>\n<meta name=\"twitter:label1\" content=\"Estimated reading time\" \/>\n\t<meta name=\"twitter:data1\" content=\"2 minutes\" \/>\n<script type=\"application\/ld+json\" class=\"yoast-schema-graph\">{\"@context\":\"https:\/\/schema.org\",\"@graph\":[{\"@type\":\"WebPage\",\"@id\":\"https:\/\/www.magnum-design.fr\/chefcocktail\/\",\"url\":\"https:\/\/www.magnum-design.fr\/chefcocktail\/\",\"name\":\"Chefcocktail -\",\"isPartOf\":{\"@id\":\"https:\/\/www.magnum-design.fr\/#website\"},\"primaryImageOfPage\":{\"@id\":\"https:\/\/www.magnum-design.fr\/chefcocktail\/#primaryimage\"},\"image\":{\"@id\":\"https:\/\/www.magnum-design.fr\/chefcocktail\/#primaryimage\"},\"thumbnailUrl\":\"https:\/\/www.magnum-design.fr\/wp-content\/uploads\/vague-orange.svg\",\"datePublished\":\"2025-03-16T20:48:00+00:00\",\"dateModified\":\"2025-03-23T18:18:55+00:00\",\"breadcrumb\":{\"@id\":\"https:\/\/www.magnum-design.fr\/chefcocktail\/#breadcrumb\"},\"inLanguage\":\"en-GB\",\"potentialAction\":[{\"@type\":\"ReadAction\",\"target\":[\"https:\/\/www.magnum-design.fr\/chefcocktail\/\"]}]},{\"@type\":\"ImageObject\",\"inLanguage\":\"en-GB\",\"@id\":\"https:\/\/www.magnum-design.fr\/chefcocktail\/#primaryimage\",\"url\":\"https:\/\/www.magnum-design.fr\/wp-content\/uploads\/vague-orange.svg\",\"contentUrl\":\"https:\/\/www.magnum-design.fr\/wp-content\/uploads\/vague-orange.svg\"},{\"@type\":\"BreadcrumbList\",\"@id\":\"https:\/\/www.magnum-design.fr\/chefcocktail\/#breadcrumb\",\"itemListElement\":[{\"@type\":\"ListItem\",\"position\":1,\"name\":\"Accueil\",\"item\":\"https:\/\/www.magnum-design.fr\/\"},{\"@type\":\"ListItem\",\"position\":2,\"name\":\"Chefcocktail\"}]},{\"@type\":\"WebSite\",\"@id\":\"https:\/\/www.magnum-design.fr\/#website\",\"url\":\"https:\/\/www.magnum-design.fr\/\",\"name\":\"\",\"description\":\"cr\u00e9ations graphique web et print\",\"potentialAction\":[{\"@type\":\"SearchAction\",\"target\":{\"@type\":\"EntryPoint\",\"urlTemplate\":\"https:\/\/www.magnum-design.fr\/?s={search_term_string}\"},\"query-input\":{\"@type\":\"PropertyValueSpecification\",\"valueRequired\":true,\"valueName\":\"search_term_string\"}}],\"inLanguage\":\"en-GB\"}]}<\/script>\n<!-- \/ Yoast SEO plugin. -->","yoast_head_json":{"title":"Chefcocktail -","robots":{"index":"index","follow":"follow","max-snippet":"max-snippet:-1","max-image-preview":"max-image-preview:large","max-video-preview":"max-video-preview:-1"},"canonical":"https:\/\/www.magnum-design.fr\/en\/chefcocktail\/","og_locale":"en_GB","og_type":"article","og_title":"Chefcocktail -","og_description":"retour Chef cocktail R\u00e9alisation du site web chefcocktail.com pour le Chef No\u00ebl Picard. Passionn\u00e9 et cr\u00e9atif, le Chef vous offre une exp\u00e9rience culinaire unique, alliant savoir-faire gastronomique et service sur mesure. De la cuisine raffin\u00e9e \u00e0 l\u2019organisation d\u2019\u00e9v\u00e9nements, il met son expertise \u00e0 votre service pour sublimer chaque moment. Fort de son exp\u00e9rience dans des...","og_url":"https:\/\/www.magnum-design.fr\/en\/chefcocktail\/","article_modified_time":"2025-03-23T18:18:55+00:00","twitter_card":"summary_large_image","twitter_misc":{"Estimated reading time":"2 minutes"},"schema":{"@context":"https:\/\/schema.org","@graph":[{"@type":"WebPage","@id":"https:\/\/www.magnum-design.fr\/chefcocktail\/","url":"https:\/\/www.magnum-design.fr\/chefcocktail\/","name":"Chefcocktail -","isPartOf":{"@id":"https:\/\/www.magnum-design.fr\/#website"},"primaryImageOfPage":{"@id":"https:\/\/www.magnum-design.fr\/chefcocktail\/#primaryimage"},"image":{"@id":"https:\/\/www.magnum-design.fr\/chefcocktail\/#primaryimage"},"thumbnailUrl":"https:\/\/www.magnum-design.fr\/wp-content\/uploads\/vague-orange.svg","datePublished":"2025-03-16T20:48:00+00:00","dateModified":"2025-03-23T18:18:55+00:00","breadcrumb":{"@id":"https:\/\/www.magnum-design.fr\/chefcocktail\/#breadcrumb"},"inLanguage":"en-GB","potentialAction":[{"@type":"ReadAction","target":["https:\/\/www.magnum-design.fr\/chefcocktail\/"]}]},{"@type":"ImageObject","inLanguage":"en-GB","@id":"https:\/\/www.magnum-design.fr\/chefcocktail\/#primaryimage","url":"https:\/\/www.magnum-design.fr\/wp-content\/uploads\/vague-orange.svg","contentUrl":"https:\/\/www.magnum-design.fr\/wp-content\/uploads\/vague-orange.svg"},{"@type":"BreadcrumbList","@id":"https:\/\/www.magnum-design.fr\/chefcocktail\/#breadcrumb","itemListElement":[{"@type":"ListItem","position":1,"name":"Accueil","item":"https:\/\/www.magnum-design.fr\/"},{"@type":"ListItem","position":2,"name":"Chefcocktail"}]},{"@type":"WebSite","@id":"https:\/\/www.magnum-design.fr\/#website","url":"https:\/\/www.magnum-design.fr\/","name":"","description":"cr\u00e9ations graphique web et print","potentialAction":[{"@type":"SearchAction","target":{"@type":"EntryPoint","urlTemplate":"https:\/\/www.magnum-design.fr\/?s={search_term_string}"},"query-input":{"@type":"PropertyValueSpecification","valueRequired":true,"valueName":"search_term_string"}}],"inLanguage":"en-GB"}]}},"_links":{"self":[{"href":"https:\/\/www.magnum-design.fr\/en\/wp-json\/wp\/v2\/pages\/5050","targetHints":{"allow":["GET"]}}],"collection":[{"href":"https:\/\/www.magnum-design.fr\/en\/wp-json\/wp\/v2\/pages"}],"about":[{"href":"https:\/\/www.magnum-design.fr\/en\/wp-json\/wp\/v2\/types\/page"}],"author":[{"embeddable":true,"href":"https:\/\/www.magnum-design.fr\/en\/wp-json\/wp\/v2\/users\/1"}],"replies":[{"embeddable":true,"href":"https:\/\/www.magnum-design.fr\/en\/wp-json\/wp\/v2\/comments?post=5050"}],"version-history":[{"count":0,"href":"https:\/\/www.magnum-design.fr\/en\/wp-json\/wp\/v2\/pages\/5050\/revisions"}],"wp:attachment":[{"href":"https:\/\/www.magnum-design.fr\/en\/wp-json\/wp\/v2\/media?parent=5050"}],"curies":[{"name":"wp","href":"https:\/\/api.w.org\/{rel}","templated":true}]}}