{"id":4948,"date":"2025-03-09T14:51:07","date_gmt":"2025-03-09T13:51:07","guid":{"rendered":"https:\/\/www.magnum-design.fr\/?page_id=4948"},"modified":"2025-03-09T20:45:59","modified_gmt":"2025-03-09T19:45:59","slug":"catalogue-agecco","status":"publish","type":"page","link":"https:\/\/www.magnum-design.fr\/en\/catalogue-agecco\/","title":{"rendered":"Catalogue Agecco"},"content":{"rendered":"<div data-elementor-type=\"wp-page\" data-elementor-id=\"4948\" class=\"elementor elementor-4948\" data-elementor-post-type=\"page\">\n\t\t\t\t\t\t<section class=\"elementor-section elementor-top-section elementor-element elementor-element-9764a28 elementor-section-boxed elementor-section-height-default elementor-section-height-default\" data-id=\"9764a28\" data-element_type=\"section\" data-e-type=\"section\">\n\t\t\t\t\t\t<div class=\"elementor-container elementor-column-gap-default\">\n\t\t\t\t\t<div class=\"elementor-column elementor-col-100 elementor-top-column elementor-element elementor-element-1c76874\" data-id=\"1c76874\" data-element_type=\"column\" data-e-type=\"column\">\n\t\t\t<div class=\"elementor-widget-wrap\">\n\t\t\t\t\t\t\t<\/div>\n\t\t<\/div>\n\t\t\t\t\t<\/div>\n\t\t<\/section>\n\t\t\t\t<section class=\"elementor-section elementor-top-section elementor-element elementor-element-3e754b8d elementor-section-boxed elementor-section-height-default elementor-section-height-default\" data-id=\"3e754b8d\" data-element_type=\"section\" data-e-type=\"section\">\n\t\t\t\t\t\t<div class=\"elementor-container elementor-column-gap-default\">\n\t\t\t\t\t<div class=\"elementor-column elementor-col-50 elementor-top-column elementor-element elementor-element-4d504b94\" data-id=\"4d504b94\" data-element_type=\"column\" data-e-type=\"column\">\n\t\t\t<div class=\"elementor-widget-wrap elementor-element-populated\">\n\t\t\t\t\t\t<div class=\"elementor-element elementor-element-5fe8107 elementor-widget__width-initial elementor-icon-list--layout-traditional elementor-list-item-link-full_width elementor-widget elementor-widget-icon-list\" data-id=\"5fe8107\" data-element_type=\"widget\" data-e-type=\"widget\" data-widget_type=\"icon-list.default\">\n\t\t\t\t<div class=\"elementor-widget-container\">\n\t\t\t\t\t\t\t<ul class=\"elementor-icon-list-items\">\n\t\t\t\t\t\t\t<li class=\"elementor-icon-list-item\">\n\t\t\t\t\t\t\t\t\t\t\t<a href=\"https:\/\/www.magnum-design.fr\/en\/portfolio\/\" rel=\"nofollow\">\n\n\t\t\t\t\t\t\t\t\t\t\t\t<span class=\"elementor-icon-list-icon\">\n\t\t\t\t\t\t\t<i aria-hidden=\"true\" class=\"fas fa-chevron-left\"><\/i>\t\t\t\t\t\t<\/span>\n\t\t\t\t\t\t\t\t\t\t<span class=\"elementor-icon-list-text\">retour<\/span>\n\t\t\t\t\t\t\t\t\t\t\t<\/a>\n\t\t\t\t\t\t\t\t\t<\/li>\n\t\t\t\t\t\t<\/ul>\n\t\t\t\t\t\t<\/div>\n\t\t\t\t<\/div>\n\t\t\t\t<div class=\"elementor-element elementor-element-16085726 elementor-widget__width-initial elementor-widget-mobile__width-initial elementor-widget elementor-widget-text-editor\" data-id=\"16085726\" data-element_type=\"widget\" data-e-type=\"widget\" data-widget_type=\"text-editor.default\">\n\t\t\t\t<div class=\"elementor-widget-container\">\n\t\t\t\t\t\t\t\t\t<p>Catalogue Agecco<\/p>\t\t\t\t\t\t\t\t<\/div>\n\t\t\t\t<\/div>\n\t\t\t\t<div class=\"elementor-element elementor-element-1665e32 elementor-widget__width-initial elementor-widget elementor-widget-image\" data-id=\"1665e32\" data-element_type=\"widget\" data-e-type=\"widget\" data-widget_type=\"image.default\">\n\t\t\t\t<div class=\"elementor-widget-container\">\n\t\t\t\t\t\t\t\t\t\t\t\t\t\t\t<img decoding=\"async\" width=\"473\" height=\"44\" src=\"https:\/\/www.magnum-design.fr\/wp-content\/uploads\/vague-vieux-rose.svg\" class=\"attachment-large size-large wp-image-4259\" alt=\"vague vieux rose\" \/>\t\t\t\t\t\t\t\t\t\t\t\t\t\t\t<\/div>\n\t\t\t\t<\/div>\n\t\t\t\t<div class=\"elementor-element elementor-element-77d3a62e elementor-widget__width-initial elementor-widget elementor-widget-text-editor\" data-id=\"77d3a62e\" data-element_type=\"widget\" data-e-type=\"widget\" data-widget_type=\"text-editor.default\">\n\t\t\t\t<div class=\"elementor-widget-container\">\n\t\t\t\t\t\t\t\t\t<p>Catalogue d&rsquo;objets publicitaires pour la soci\u00e9t\u00e9 <strong>Agecco<\/strong>, con\u00e7u avec Indesign<\/p>\t\t\t\t\t\t\t\t<\/div>\n\t\t\t\t<\/div>\n\t\t\t\t\t<\/div>\n\t\t<\/div>\n\t\t\t\t<div class=\"elementor-column elementor-col-50 elementor-top-column elementor-element elementor-element-4e9408a3\" data-id=\"4e9408a3\" data-element_type=\"column\" data-e-type=\"column\">\n\t\t\t<div class=\"elementor-widget-wrap elementor-element-populated\">\n\t\t\t\t\t\t<div class=\"elementor-element elementor-element-4cfe9bfe elementor-widget elementor-widget-text-editor\" data-id=\"4cfe9bfe\" data-element_type=\"widget\" data-e-type=\"widget\" data-widget_type=\"text-editor.default\">\n\t\t\t\t<div class=\"elementor-widget-container\">\n\t\t\t\t\t\t\t\t\t<p><div class=\"_df_book df-lite\" id=\"df_4940\"  _slug=\"agecco\" data-title=\"agecco\" wpoptions=\"true\" thumb=\"https:\/\/www.magnum-design.fr\/wp-content\/uploads\/1.jpg\" thumbtype=\"\" ><\/div><script class=\"df-shortcode-script\" nowprocket type=\"application\/javascript\">window.option_df_4940 = {\"outline\":[],\"backgroundColor\":\"#e4f3f6\",\"autoEnableOutline\":\"false\",\"autoEnableThumbnail\":\"false\",\"overwritePDFOutline\":\"false\",\"direction\":\"1\",\"pageSize\":\"0\",\"source\":\"https:\\\/\\\/www.magnum-design.fr\\\/wp-content\\\/uploads\\\/catalogue-agecco.pdf\",\"wpOptions\":\"true\"}; if(window.DFLIP && window.DFLIP.parseBooks){window.DFLIP.parseBooks();}<\/script><\/p>\t\t\t\t\t\t\t\t<\/div>\n\t\t\t\t<\/div>\n\t\t\t\t<div class=\"elementor-element elementor-element-3c771ff2 elementor-widget__width-initial elementor-widget elementor-widget-button\" data-id=\"3c771ff2\" data-element_type=\"widget\" data-e-type=\"widget\" data-widget_type=\"button.default\">\n\t\t\t\t<div class=\"elementor-widget-container\">\n\t\t\t\t\t\t\t\t\t<div class=\"elementor-button-wrapper\">\n\t\t\t\t\t<a class=\"elementor-button elementor-button-link elementor-size-sm\" href=\"https:\/\/www.instagram.com\/veggie_fruit_lovers\/\" target=\"_blank\">\n\t\t\t\t\t\t<span class=\"elementor-button-content-wrapper\">\n\t\t\t\t\t\t<span class=\"elementor-button-icon\">\n\t\t\t\t<i aria-hidden=\"true\" class=\"fas fa-angle-left\"><\/i>\t\t\t<\/span>\n\t\t\t\t\t\t\t\t\t<span class=\"elementor-button-text\">pr\u00e9c\u00e9dent<\/span>\n\t\t\t\t\t<\/span>\n\t\t\t\t\t<\/a>\n\t\t\t\t<\/div>\n\t\t\t\t\t\t\t\t<\/div>\n\t\t\t\t<\/div>\n\t\t\t\t<div class=\"elementor-element elementor-element-280e5e74 elementor-align-right elementor-widget__width-initial elementor-widget elementor-widget-button\" data-id=\"280e5e74\" data-element_type=\"widget\" data-e-type=\"widget\" data-widget_type=\"button.default\">\n\t\t\t\t<div class=\"elementor-widget-container\">\n\t\t\t\t\t\t\t\t\t<div class=\"elementor-button-wrapper\">\n\t\t\t\t\t<a class=\"elementor-button elementor-button-link elementor-size-sm\" href=\"https:\/\/www.magnum-design.fr\/en\/bercolino\/\" target=\"_blank\">\n\t\t\t\t\t\t<span class=\"elementor-button-content-wrapper\">\n\t\t\t\t\t\t<span class=\"elementor-button-icon\">\n\t\t\t\t<i aria-hidden=\"true\" class=\"fas fa-angle-right\"><\/i>\t\t\t<\/span>\n\t\t\t\t\t\t\t\t\t<span class=\"elementor-button-text\">suivant<\/span>\n\t\t\t\t\t<\/span>\n\t\t\t\t\t<\/a>\n\t\t\t\t<\/div>\n\t\t\t\t\t\t\t\t<\/div>\n\t\t\t\t<\/div>\n\t\t\t\t<div class=\"elementor-element elementor-element-2f6ad6b1 elementor-widget elementor-widget-spacer\" data-id=\"2f6ad6b1\" data-element_type=\"widget\" data-e-type=\"widget\" data-widget_type=\"spacer.default\">\n\t\t\t\t<div class=\"elementor-widget-container\">\n\t\t\t\t\t\t\t<div class=\"elementor-spacer\">\n\t\t\t<div class=\"elementor-spacer-inner\"><\/div>\n\t\t<\/div>\n\t\t\t\t\t\t<\/div>\n\t\t\t\t<\/div>\n\t\t\t\t\t<\/div>\n\t\t<\/div>\n\t\t\t\t\t<\/div>\n\t\t<\/section>\n\t\t\t\t<\/div>","protected":false},"excerpt":{"rendered":"<p>retour Catalogue Agecco Catalogue d&rsquo;objets publicitaires pour la soci\u00e9t\u00e9 Agecco, con\u00e7u avec Indesign pr\u00e9c\u00e9dent suivant<\/p>","protected":false},"author":1,"featured_media":0,"parent":0,"menu_order":0,"comment_status":"closed","ping_status":"closed","template":"","meta":{"_kad_post_transparent":"","_kad_post_title":"hide","_kad_post_layout":"fullwidth","_kad_post_sidebar_id":"","_kad_post_content_style":"unboxed","_kad_post_vertical_padding":"hide","_kad_post_feature":"hide","_kad_post_feature_position":"","_kad_post_header":false,"_kad_post_footer":false,"footnotes":""},"class_list":["post-4948","page","type-page","status-publish","hentry"],"yoast_head":"<!-- This site is optimized with the Yoast SEO plugin v24.7 - https:\/\/yoast.com\/wordpress\/plugins\/seo\/ -->\n<title>Catalogue Agecco -<\/title>\n<meta name=\"robots\" content=\"index, follow, max-snippet:-1, max-image-preview:large, max-video-preview:-1\" \/>\n<link rel=\"canonical\" href=\"https:\/\/www.magnum-design.fr\/en\/catalogue-agecco\/\" \/>\n<meta property=\"og:locale\" content=\"en_GB\" \/>\n<meta property=\"og:type\" content=\"article\" \/>\n<meta property=\"og:title\" content=\"Catalogue Agecco -\" \/>\n<meta property=\"og:description\" content=\"retour Catalogue Agecco Catalogue d&rsquo;objets publicitaires pour la soci\u00e9t\u00e9 Agecco, con\u00e7u avec Indesign pr\u00e9c\u00e9dent suivant\" \/>\n<meta property=\"og:url\" content=\"https:\/\/www.magnum-design.fr\/en\/catalogue-agecco\/\" \/>\n<meta property=\"article:modified_time\" content=\"2025-03-09T19:45:59+00:00\" \/>\n<meta name=\"twitter:card\" content=\"summary_large_image\" \/>\n<meta name=\"twitter:label1\" content=\"Estimated reading time\" \/>\n\t<meta name=\"twitter:data1\" content=\"1 minute\" \/>\n<script type=\"application\/ld+json\" class=\"yoast-schema-graph\">{\"@context\":\"https:\/\/schema.org\",\"@graph\":[{\"@type\":\"WebPage\",\"@id\":\"https:\/\/www.magnum-design.fr\/catalogue-agecco\/\",\"url\":\"https:\/\/www.magnum-design.fr\/catalogue-agecco\/\",\"name\":\"Catalogue Agecco -\",\"isPartOf\":{\"@id\":\"https:\/\/www.magnum-design.fr\/#website\"},\"primaryImageOfPage\":{\"@id\":\"https:\/\/www.magnum-design.fr\/catalogue-agecco\/#primaryimage\"},\"image\":{\"@id\":\"https:\/\/www.magnum-design.fr\/catalogue-agecco\/#primaryimage\"},\"thumbnailUrl\":\"https:\/\/www.magnum-design.fr\/wp-content\/uploads\/vague-vieux-rose.svg\",\"datePublished\":\"2025-03-09T13:51:07+00:00\",\"dateModified\":\"2025-03-09T19:45:59+00:00\",\"breadcrumb\":{\"@id\":\"https:\/\/www.magnum-design.fr\/catalogue-agecco\/#breadcrumb\"},\"inLanguage\":\"en-GB\",\"potentialAction\":[{\"@type\":\"ReadAction\",\"target\":[\"https:\/\/www.magnum-design.fr\/catalogue-agecco\/\"]}]},{\"@type\":\"ImageObject\",\"inLanguage\":\"en-GB\",\"@id\":\"https:\/\/www.magnum-design.fr\/catalogue-agecco\/#primaryimage\",\"url\":\"https:\/\/www.magnum-design.fr\/wp-content\/uploads\/vague-vieux-rose.svg\",\"contentUrl\":\"https:\/\/www.magnum-design.fr\/wp-content\/uploads\/vague-vieux-rose.svg\"},{\"@type\":\"BreadcrumbList\",\"@id\":\"https:\/\/www.magnum-design.fr\/catalogue-agecco\/#breadcrumb\",\"itemListElement\":[{\"@type\":\"ListItem\",\"position\":1,\"name\":\"Accueil\",\"item\":\"https:\/\/www.magnum-design.fr\/\"},{\"@type\":\"ListItem\",\"position\":2,\"name\":\"Catalogue Agecco\"}]},{\"@type\":\"WebSite\",\"@id\":\"https:\/\/www.magnum-design.fr\/#website\",\"url\":\"https:\/\/www.magnum-design.fr\/\",\"name\":\"\",\"description\":\"cr\u00e9ations graphique web et print\",\"potentialAction\":[{\"@type\":\"SearchAction\",\"target\":{\"@type\":\"EntryPoint\",\"urlTemplate\":\"https:\/\/www.magnum-design.fr\/?s={search_term_string}\"},\"query-input\":{\"@type\":\"PropertyValueSpecification\",\"valueRequired\":true,\"valueName\":\"search_term_string\"}}],\"inLanguage\":\"en-GB\"}]}<\/script>\n<!-- \/ Yoast SEO plugin. -->","yoast_head_json":{"title":"Catalogue Agecco -","robots":{"index":"index","follow":"follow","max-snippet":"max-snippet:-1","max-image-preview":"max-image-preview:large","max-video-preview":"max-video-preview:-1"},"canonical":"https:\/\/www.magnum-design.fr\/en\/catalogue-agecco\/","og_locale":"en_GB","og_type":"article","og_title":"Catalogue Agecco -","og_description":"retour Catalogue Agecco Catalogue d&rsquo;objets publicitaires pour la soci\u00e9t\u00e9 Agecco, con\u00e7u avec Indesign pr\u00e9c\u00e9dent suivant","og_url":"https:\/\/www.magnum-design.fr\/en\/catalogue-agecco\/","article_modified_time":"2025-03-09T19:45:59+00:00","twitter_card":"summary_large_image","twitter_misc":{"Estimated reading time":"1 minute"},"schema":{"@context":"https:\/\/schema.org","@graph":[{"@type":"WebPage","@id":"https:\/\/www.magnum-design.fr\/catalogue-agecco\/","url":"https:\/\/www.magnum-design.fr\/catalogue-agecco\/","name":"Catalogue Agecco -","isPartOf":{"@id":"https:\/\/www.magnum-design.fr\/#website"},"primaryImageOfPage":{"@id":"https:\/\/www.magnum-design.fr\/catalogue-agecco\/#primaryimage"},"image":{"@id":"https:\/\/www.magnum-design.fr\/catalogue-agecco\/#primaryimage"},"thumbnailUrl":"https:\/\/www.magnum-design.fr\/wp-content\/uploads\/vague-vieux-rose.svg","datePublished":"2025-03-09T13:51:07+00:00","dateModified":"2025-03-09T19:45:59+00:00","breadcrumb":{"@id":"https:\/\/www.magnum-design.fr\/catalogue-agecco\/#breadcrumb"},"inLanguage":"en-GB","potentialAction":[{"@type":"ReadAction","target":["https:\/\/www.magnum-design.fr\/catalogue-agecco\/"]}]},{"@type":"ImageObject","inLanguage":"en-GB","@id":"https:\/\/www.magnum-design.fr\/catalogue-agecco\/#primaryimage","url":"https:\/\/www.magnum-design.fr\/wp-content\/uploads\/vague-vieux-rose.svg","contentUrl":"https:\/\/www.magnum-design.fr\/wp-content\/uploads\/vague-vieux-rose.svg"},{"@type":"BreadcrumbList","@id":"https:\/\/www.magnum-design.fr\/catalogue-agecco\/#breadcrumb","itemListElement":[{"@type":"ListItem","position":1,"name":"Accueil","item":"https:\/\/www.magnum-design.fr\/"},{"@type":"ListItem","position":2,"name":"Catalogue Agecco"}]},{"@type":"WebSite","@id":"https:\/\/www.magnum-design.fr\/#website","url":"https:\/\/www.magnum-design.fr\/","name":"","description":"cr\u00e9ations graphique web et print","potentialAction":[{"@type":"SearchAction","target":{"@type":"EntryPoint","urlTemplate":"https:\/\/www.magnum-design.fr\/?s={search_term_string}"},"query-input":{"@type":"PropertyValueSpecification","valueRequired":true,"valueName":"search_term_string"}}],"inLanguage":"en-GB"}]}},"_links":{"self":[{"href":"https:\/\/www.magnum-design.fr\/en\/wp-json\/wp\/v2\/pages\/4948","targetHints":{"allow":["GET"]}}],"collection":[{"href":"https:\/\/www.magnum-design.fr\/en\/wp-json\/wp\/v2\/pages"}],"about":[{"href":"https:\/\/www.magnum-design.fr\/en\/wp-json\/wp\/v2\/types\/page"}],"author":[{"embeddable":true,"href":"https:\/\/www.magnum-design.fr\/en\/wp-json\/wp\/v2\/users\/1"}],"replies":[{"embeddable":true,"href":"https:\/\/www.magnum-design.fr\/en\/wp-json\/wp\/v2\/comments?post=4948"}],"version-history":[{"count":0,"href":"https:\/\/www.magnum-design.fr\/en\/wp-json\/wp\/v2\/pages\/4948\/revisions"}],"wp:attachment":[{"href":"https:\/\/www.magnum-design.fr\/en\/wp-json\/wp\/v2\/media?parent=4948"}],"curies":[{"name":"wp","href":"https:\/\/api.w.org\/{rel}","templated":true}]}}