{"id":4821,"date":"2024-12-23T18:55:23","date_gmt":"2024-12-23T17:55:23","guid":{"rendered":"https:\/\/www.magnum-design.fr\/?page_id=4821"},"modified":"2025-01-19T21:08:16","modified_gmt":"2025-01-19T20:08:16","slug":"sites-internet","status":"publish","type":"page","link":"https:\/\/www.magnum-design.fr\/en\/sites-internet\/","title":{"rendered":"Website"},"content":{"rendered":"<div data-elementor-type=\"wp-page\" data-elementor-id=\"4821\" class=\"elementor elementor-4821\" data-elementor-post-type=\"page\">\n\t\t\t\t\t\t<section class=\"elementor-section elementor-top-section elementor-element elementor-element-253f429 elementor-section-boxed elementor-section-height-default elementor-section-height-default\" data-id=\"253f429\" data-element_type=\"section\" data-e-type=\"section\">\n\t\t\t\t\t\t<div class=\"elementor-container elementor-column-gap-default\">\n\t\t\t\t\t<div class=\"elementor-column elementor-col-100 elementor-top-column elementor-element elementor-element-56ccd29\" data-id=\"56ccd29\" data-element_type=\"column\" data-e-type=\"column\">\n\t\t\t<div class=\"elementor-widget-wrap\">\n\t\t\t\t\t\t\t<\/div>\n\t\t<\/div>\n\t\t\t\t\t<\/div>\n\t\t<\/section>\n\t\t\t\t<section class=\"elementor-section elementor-top-section elementor-element elementor-element-ccc2034 elementor-section-boxed elementor-section-height-default elementor-section-height-default\" data-id=\"ccc2034\" data-element_type=\"section\" data-e-type=\"section\">\n\t\t\t\t\t\t<div class=\"elementor-container elementor-column-gap-default\">\n\t\t\t\t\t<div class=\"elementor-column elementor-col-50 elementor-top-column elementor-element elementor-element-ae154e4\" data-id=\"ae154e4\" data-element_type=\"column\" data-e-type=\"column\">\n\t\t\t<div class=\"elementor-widget-wrap elementor-element-populated\">\n\t\t\t\t\t\t<div class=\"elementor-element elementor-element-880bda7 elementor-widget elementor-widget-spacer\" data-id=\"880bda7\" data-element_type=\"widget\" data-e-type=\"widget\" data-widget_type=\"spacer.default\">\n\t\t\t\t<div class=\"elementor-widget-container\">\n\t\t\t\t\t\t\t<div class=\"elementor-spacer\">\n\t\t\t<div class=\"elementor-spacer-inner\"><\/div>\n\t\t<\/div>\n\t\t\t\t\t\t<\/div>\n\t\t\t\t<\/div>\n\t\t\t\t<div class=\"elementor-element elementor-element-046fe0e elementor-widget elementor-widget-heading\" data-id=\"046fe0e\" data-element_type=\"widget\" data-e-type=\"widget\" data-widget_type=\"heading.default\">\n\t\t\t\t<div class=\"elementor-widget-container\">\n\t\t\t\t\t<h2 class=\"elementor-heading-title elementor-size-default\">Site internet<\/h2>\t\t\t\t<\/div>\n\t\t\t\t<\/div>\n\t\t\t\t<div class=\"elementor-element elementor-element-4d143b7 elementor-widget elementor-widget-text-editor\" data-id=\"4d143b7\" data-element_type=\"widget\" data-e-type=\"widget\" data-widget_type=\"text-editor.default\">\n\t\t\t\t<div class=\"elementor-widget-container\">\n\t\t\t\t\t\t\t\t\t<div class=\"flex-shrink-0 flex flex-col relative items-end\"><div class=\"pt-0.5\"><div class=\"gizmo-shadow-stroke flex h-6 w-6 items-center justify-center overflow-hidden rounded-full\"><div class=\"relative p-1 rounded-sm h-9 w-9 text-white flex items-center justify-center\">Un site internet est bien plus qu&rsquo;une simple vitrine en ligne. C&rsquo;est une passerelle vers de nouvelles opportunit\u00e9s, un moyen de renforcer la <strong>cr\u00e9dibilit\u00e9<\/strong> de votre entreprise et d&rsquo;\u00e9largir votre <strong>influence<\/strong>.<\/div><div>\u00a0<\/div><div>Faites confiance \u00e0 <strong>my company, Magnum design<\/strong> pour cr\u00e9er le site internet dont vos clients ont besoin !\u00a0<\/div><\/div><\/div><\/div>\t\t\t\t\t\t\t\t<\/div>\n\t\t\t\t<\/div>\n\t\t\t\t<div class=\"elementor-element elementor-element-1fbab0e elementor-widget elementor-widget-image\" data-id=\"1fbab0e\" data-element_type=\"widget\" data-e-type=\"widget\" data-widget_type=\"image.default\">\n\t\t\t\t<div class=\"elementor-widget-container\">\n\t\t\t\t\t\t\t\t\t\t\t\t\t\t\t<img fetchpriority=\"high\" decoding=\"async\" width=\"683\" height=\"1024\" src=\"https:\/\/www.magnum-design.fr\/wp-content\/uploads\/site-internet-683x1024.webp\" class=\"attachment-large size-large wp-image-3172\" alt=\"site web ordinateur\" srcset=\"https:\/\/www.magnum-design.fr\/wp-content\/uploads\/site-internet-683x1024.webp 683w, https:\/\/www.magnum-design.fr\/wp-content\/uploads\/site-internet-200x300.webp 200w, https:\/\/www.magnum-design.fr\/wp-content\/uploads\/site-internet-768x1152.webp 768w, https:\/\/www.magnum-design.fr\/wp-content\/uploads\/site-internet-1024x1536.webp 1024w, https:\/\/www.magnum-design.fr\/wp-content\/uploads\/site-internet-scaled.webp 1280w\" sizes=\"(max-width: 683px) 100vw, 683px\" \/>\t\t\t\t\t\t\t\t\t\t\t\t\t\t\t<\/div>\n\t\t\t\t<\/div>\n\t\t\t\t\t<\/div>\n\t\t<\/div>\n\t\t\t\t<div class=\"elementor-column elementor-col-50 elementor-top-column elementor-element elementor-element-03a962f\" data-id=\"03a962f\" data-element_type=\"column\" data-e-type=\"column\" data-settings=\"{&quot;background_background&quot;:&quot;classic&quot;}\">\n\t\t\t<div class=\"elementor-widget-wrap elementor-element-populated\">\n\t\t\t\t\t\t<div class=\"elementor-element elementor-element-46f0ebe elementor-widget elementor-widget-spacer\" data-id=\"46f0ebe\" data-element_type=\"widget\" data-e-type=\"widget\" data-widget_type=\"spacer.default\">\n\t\t\t\t<div class=\"elementor-widget-container\">\n\t\t\t\t\t\t\t<div class=\"elementor-spacer\">\n\t\t\t<div class=\"elementor-spacer-inner\"><\/div>\n\t\t<\/div>\n\t\t\t\t\t\t<\/div>\n\t\t\t\t<\/div>\n\t\t\t\t<div class=\"elementor-element elementor-element-c256f79 elementor-view-stacked animated-slow elementor-shape-circle elementor-invisible elementor-widget elementor-widget-icon\" data-id=\"c256f79\" data-element_type=\"widget\" data-e-type=\"widget\" data-settings=\"{&quot;_animation&quot;:&quot;bounceIn&quot;}\" data-widget_type=\"icon.default\">\n\t\t\t\t<div class=\"elementor-widget-container\">\n\t\t\t\t\t\t\t<div class=\"elementor-icon-wrapper\">\n\t\t\t<div class=\"elementor-icon\">\n\t\t\t<i aria-hidden=\"true\" class=\"far fa-star\"><\/i>\t\t\t<\/div>\n\t\t<\/div>\n\t\t\t\t\t\t<\/div>\n\t\t\t\t<\/div>\n\t\t\t\t<div class=\"elementor-element elementor-element-d3d7da9 elementor-widget elementor-widget-heading\" data-id=\"d3d7da9\" data-element_type=\"widget\" data-e-type=\"widget\" data-widget_type=\"heading.default\">\n\t\t\t\t<div class=\"elementor-widget-container\">\n\t\t\t\t\t<h2 class=\"elementor-heading-title elementor-size-default\">Essentiel<\/h2>\t\t\t\t<\/div>\n\t\t\t\t<\/div>\n\t\t\t\t<div class=\"elementor-element elementor-element-42decd1 elementor-widget elementor-widget-text-editor\" data-id=\"42decd1\" data-element_type=\"widget\" data-e-type=\"widget\" data-widget_type=\"text-editor.default\">\n\t\t\t\t<div class=\"elementor-widget-container\">\n\t\t\t\t\t\t\t\t\t<p>Votre site internet cl\u00e9 en main ! Profitez d\u2019un accompagnement sur-mesure pour cr\u00e9er un site internet moderne, performant et en toute conformit\u00e9.<\/p>\t\t\t\t\t\t\t\t<\/div>\n\t\t\t\t<\/div>\n\t\t\t\t<div class=\"elementor-element elementor-element-425d10f elementor-list-item-link-inline elementor-align-start elementor-icon-list--layout-traditional elementor-widget elementor-widget-icon-list\" data-id=\"425d10f\" data-element_type=\"widget\" data-e-type=\"widget\" data-widget_type=\"icon-list.default\">\n\t\t\t\t<div class=\"elementor-widget-container\">\n\t\t\t\t\t\t\t<ul class=\"elementor-icon-list-items\">\n\t\t\t\t\t\t\t<li class=\"elementor-icon-list-item\">\n\t\t\t\t\t\t\t\t\t\t\t<span class=\"elementor-icon-list-icon\">\n\t\t\t\t\t\t\t<i aria-hidden=\"true\" class=\"fas fa-check\"><\/i>\t\t\t\t\t\t<\/span>\n\t\t\t\t\t\t\t\t\t\t<span class=\"elementor-icon-list-text\">Rdv en visio ou en pr\u00e9sentiel pour comprendre vos besoins et vos objectifs<\/span>\n\t\t\t\t\t\t\t\t\t<\/li>\n\t\t\t\t\t\t\t\t<li class=\"elementor-icon-list-item\">\n\t\t\t\t\t\t\t\t\t\t\t<span class=\"elementor-icon-list-icon\">\n\t\t\t\t\t\t\t<i aria-hidden=\"true\" class=\"fas fa-check\"><\/i>\t\t\t\t\t\t<\/span>\n\t\t\t\t\t\t\t\t\t\t<span class=\"elementor-icon-list-text\">Site one page<\/span>\n\t\t\t\t\t\t\t\t\t<\/li>\n\t\t\t\t\t\t\t\t<li class=\"elementor-icon-list-item\">\n\t\t\t\t\t\t\t\t\t\t\t<span class=\"elementor-icon-list-icon\">\n\t\t\t\t\t\t\t<i aria-hidden=\"true\" class=\"fas fa-check\"><\/i>\t\t\t\t\t\t<\/span>\n\t\t\t\t\t\t\t\t\t\t<span class=\"elementor-icon-list-text\">Design sur-mesure qui refl\u00e8te l'image de votre entreprise<\/span>\n\t\t\t\t\t\t\t\t\t<\/li>\n\t\t\t\t\t\t\t\t<li class=\"elementor-icon-list-item\">\n\t\t\t\t\t\t\t\t\t\t\t<span class=\"elementor-icon-list-icon\">\n\t\t\t\t\t\t\t<i aria-hidden=\"true\" class=\"fas fa-check\"><\/i>\t\t\t\t\t\t<\/span>\n\t\t\t\t\t\t\t\t\t\t<span class=\"elementor-icon-list-text\">R\u00e9f\u00e9rencement naturel SEO optimis\u00e9<\/span>\n\t\t\t\t\t\t\t\t\t<\/li>\n\t\t\t\t\t\t\t\t<li class=\"elementor-icon-list-item\">\n\t\t\t\t\t\t\t\t\t\t\t<span class=\"elementor-icon-list-icon\">\n\t\t\t\t\t\t\t<i aria-hidden=\"true\" class=\"fas fa-check\"><\/i>\t\t\t\t\t\t<\/span>\n\t\t\t\t\t\t\t\t\t\t<span class=\"elementor-icon-list-text\">R\u00e9daction des mentions l\u00e9gales<\/span>\n\t\t\t\t\t\t\t\t\t<\/li>\n\t\t\t\t\t\t\t\t<li class=\"elementor-icon-list-item\">\n\t\t\t\t\t\t\t\t\t\t\t<span class=\"elementor-icon-list-icon\">\n\t\t\t\t\t\t\t<i aria-hidden=\"true\" class=\"fas fa-check\"><\/i>\t\t\t\t\t\t<\/span>\n\t\t\t\t\t\t\t\t\t\t<span class=\"elementor-icon-list-text\">Respect des normes RGPD<\/span>\n\t\t\t\t\t\t\t\t\t<\/li>\n\t\t\t\t\t\t\t\t<li class=\"elementor-icon-list-item\">\n\t\t\t\t\t\t\t\t\t\t\t<a href=\"http:\/\/Sauvegarde%20du%20site%20pendant%201%20an\">\n\n\t\t\t\t\t\t\t\t\t\t\t\t<span class=\"elementor-icon-list-icon\">\n\t\t\t\t\t\t\t<i aria-hidden=\"true\" class=\"fas fa-check\"><\/i>\t\t\t\t\t\t<\/span>\n\t\t\t\t\t\t\t\t\t\t<span class=\"elementor-icon-list-text\">S\u00e9curisation compl\u00e8te du site<\/span>\n\t\t\t\t\t\t\t\t\t\t\t<\/a>\n\t\t\t\t\t\t\t\t\t<\/li>\n\t\t\t\t\t\t\t\t<li class=\"elementor-icon-list-item\">\n\t\t\t\t\t\t\t\t\t\t\t<a href=\"http:\/\/Sauvegarde%20du%20site%20pendant%201%20an\">\n\n\t\t\t\t\t\t\t\t\t\t\t\t<span class=\"elementor-icon-list-icon\">\n\t\t\t\t\t\t\t<i aria-hidden=\"true\" class=\"fas fa-check\"><\/i>\t\t\t\t\t\t<\/span>\n\t\t\t\t\t\t\t\t\t\t<span class=\"elementor-icon-list-text\">Sauvegarde mensuelle du site pendant un an<\/span>\n\t\t\t\t\t\t\t\t\t\t\t<\/a>\n\t\t\t\t\t\t\t\t\t<\/li>\n\t\t\t\t\t\t<\/ul>\n\t\t\t\t\t\t<\/div>\n\t\t\t\t<\/div>\n\t\t\t\t<div class=\"elementor-element elementor-element-c326e0b elementor-align-center elementor-widget elementor-widget-button\" data-id=\"c326e0b\" data-element_type=\"widget\" data-e-type=\"widget\" data-widget_type=\"button.default\">\n\t\t\t\t<div class=\"elementor-widget-container\">\n\t\t\t\t\t\t\t\t\t<div class=\"elementor-button-wrapper\">\n\t\t\t\t\t<a class=\"elementor-button elementor-button-link elementor-size-sm\" href=\"https:\/\/www.magnum-design.fr\/en\/contact\/\" target=\"_blank\">\n\t\t\t\t\t\t<span class=\"elementor-button-content-wrapper\">\n\t\t\t\t\t\t<span class=\"elementor-button-icon\">\n\t\t\t\t<i aria-hidden=\"true\" class=\"fas fa-arrow-right\"><\/i>\t\t\t<\/span>\n\t\t\t\t\t\t\t\t\t<span class=\"elementor-button-text\">\u00e0 partir de 890 \u20ac<\/span>\n\t\t\t\t\t<\/span>\n\t\t\t\t\t<\/a>\n\t\t\t\t<\/div>\n\t\t\t\t\t\t\t\t<\/div>\n\t\t\t\t<\/div>\n\t\t\t\t<div class=\"elementor-element elementor-element-3ae61ab elementor-widget elementor-widget-spacer\" data-id=\"3ae61ab\" data-element_type=\"widget\" data-e-type=\"widget\" data-widget_type=\"spacer.default\">\n\t\t\t\t<div class=\"elementor-widget-container\">\n\t\t\t\t\t\t\t<div class=\"elementor-spacer\">\n\t\t\t<div class=\"elementor-spacer-inner\"><\/div>\n\t\t<\/div>\n\t\t\t\t\t\t<\/div>\n\t\t\t\t<\/div>\n\t\t\t\t\t<\/div>\n\t\t<\/div>\n\t\t\t\t\t<\/div>\n\t\t<\/section>\n\t\t\t\t<\/div>","protected":false},"excerpt":{"rendered":"<p>Site internet Un site internet est bien plus qu&rsquo;une simple vitrine en ligne. C&rsquo;est une passerelle vers de nouvelles opportunit\u00e9s, un moyen de renforcer la cr\u00e9dibilit\u00e9 de votre entreprise et d&rsquo;\u00e9largir votre influence.\u00a0Faites confiance \u00e0 Magnum design pour cr\u00e9er le site internet dont vos clients ont besoin !\u00a0 Essentiel Votre site internet cl\u00e9 en main&#8230;<\/p>","protected":false},"author":1,"featured_media":0,"parent":0,"menu_order":0,"comment_status":"closed","ping_status":"closed","template":"","meta":{"_kad_post_transparent":"","_kad_post_title":"hide","_kad_post_layout":"fullwidth","_kad_post_sidebar_id":"","_kad_post_content_style":"unboxed","_kad_post_vertical_padding":"hide","_kad_post_feature":"hide","_kad_post_feature_position":"","_kad_post_header":false,"_kad_post_footer":false,"footnotes":""},"class_list":["post-4821","page","type-page","status-publish","hentry"],"yoast_head":"<!-- This site is optimized with the Yoast SEO plugin v24.7 - https:\/\/yoast.com\/wordpress\/plugins\/seo\/ -->\n<title>Sites internet -<\/title>\n<meta name=\"robots\" content=\"index, follow, max-snippet:-1, max-image-preview:large, max-video-preview:-1\" \/>\n<link rel=\"canonical\" href=\"https:\/\/www.magnum-design.fr\/en\/sites-internet\/\" \/>\n<meta property=\"og:locale\" content=\"en_GB\" \/>\n<meta property=\"og:type\" content=\"article\" \/>\n<meta property=\"og:title\" content=\"Sites internet -\" \/>\n<meta property=\"og:description\" content=\"Site internet Un site internet est bien plus qu&rsquo;une simple vitrine en ligne. C&rsquo;est une passerelle vers de nouvelles opportunit\u00e9s, un moyen de renforcer la cr\u00e9dibilit\u00e9 de votre entreprise et d&rsquo;\u00e9largir votre influence.\u00a0Faites confiance \u00e0 Magnum design pour cr\u00e9er le site internet dont vos clients ont besoin !\u00a0 Essentiel Votre site internet cl\u00e9 en main...\" \/>\n<meta property=\"og:url\" content=\"https:\/\/www.magnum-design.fr\/en\/sites-internet\/\" \/>\n<meta property=\"article:modified_time\" content=\"2025-01-19T20:08:16+00:00\" \/>\n<meta property=\"og:image\" content=\"https:\/\/www.magnum-design.fr\/wp-content\/uploads\/site-internet-scaled.webp\" \/>\n\t<meta property=\"og:image:width\" content=\"1280\" \/>\n\t<meta property=\"og:image:height\" content=\"1920\" \/>\n\t<meta property=\"og:image:type\" content=\"image\/webp\" \/>\n<meta name=\"twitter:card\" content=\"summary_large_image\" \/>\n<meta name=\"twitter:label1\" content=\"Estimated reading time\" \/>\n\t<meta name=\"twitter:data1\" content=\"1 minute\" \/>\n<script type=\"application\/ld+json\" class=\"yoast-schema-graph\">{\"@context\":\"https:\/\/schema.org\",\"@graph\":[{\"@type\":\"WebPage\",\"@id\":\"https:\/\/www.magnum-design.fr\/sites-internet\/\",\"url\":\"https:\/\/www.magnum-design.fr\/sites-internet\/\",\"name\":\"Sites internet -\",\"isPartOf\":{\"@id\":\"https:\/\/www.magnum-design.fr\/#website\"},\"primaryImageOfPage\":{\"@id\":\"https:\/\/www.magnum-design.fr\/sites-internet\/#primaryimage\"},\"image\":{\"@id\":\"https:\/\/www.magnum-design.fr\/sites-internet\/#primaryimage\"},\"thumbnailUrl\":\"https:\/\/www.magnum-design.fr\/wp-content\/uploads\/site-internet-683x1024.webp\",\"datePublished\":\"2024-12-23T17:55:23+00:00\",\"dateModified\":\"2025-01-19T20:08:16+00:00\",\"breadcrumb\":{\"@id\":\"https:\/\/www.magnum-design.fr\/sites-internet\/#breadcrumb\"},\"inLanguage\":\"en-GB\",\"potentialAction\":[{\"@type\":\"ReadAction\",\"target\":[\"https:\/\/www.magnum-design.fr\/sites-internet\/\"]}]},{\"@type\":\"ImageObject\",\"inLanguage\":\"en-GB\",\"@id\":\"https:\/\/www.magnum-design.fr\/sites-internet\/#primaryimage\",\"url\":\"https:\/\/www.magnum-design.fr\/wp-content\/uploads\/site-internet-683x1024.webp\",\"contentUrl\":\"https:\/\/www.magnum-design.fr\/wp-content\/uploads\/site-internet-683x1024.webp\"},{\"@type\":\"BreadcrumbList\",\"@id\":\"https:\/\/www.magnum-design.fr\/sites-internet\/#breadcrumb\",\"itemListElement\":[{\"@type\":\"ListItem\",\"position\":1,\"name\":\"Accueil\",\"item\":\"https:\/\/www.magnum-design.fr\/\"},{\"@type\":\"ListItem\",\"position\":2,\"name\":\"Sites internet\"}]},{\"@type\":\"WebSite\",\"@id\":\"https:\/\/www.magnum-design.fr\/#website\",\"url\":\"https:\/\/www.magnum-design.fr\/\",\"name\":\"\",\"description\":\"cr\u00e9ations graphique web et print\",\"potentialAction\":[{\"@type\":\"SearchAction\",\"target\":{\"@type\":\"EntryPoint\",\"urlTemplate\":\"https:\/\/www.magnum-design.fr\/?s={search_term_string}\"},\"query-input\":{\"@type\":\"PropertyValueSpecification\",\"valueRequired\":true,\"valueName\":\"search_term_string\"}}],\"inLanguage\":\"en-GB\"}]}<\/script>\n<!-- \/ Yoast SEO plugin. -->","yoast_head_json":{"title":"Sites internet -","robots":{"index":"index","follow":"follow","max-snippet":"max-snippet:-1","max-image-preview":"max-image-preview:large","max-video-preview":"max-video-preview:-1"},"canonical":"https:\/\/www.magnum-design.fr\/en\/sites-internet\/","og_locale":"en_GB","og_type":"article","og_title":"Sites internet -","og_description":"Site internet Un site internet est bien plus qu&rsquo;une simple vitrine en ligne. C&rsquo;est une passerelle vers de nouvelles opportunit\u00e9s, un moyen de renforcer la cr\u00e9dibilit\u00e9 de votre entreprise et d&rsquo;\u00e9largir votre influence.\u00a0Faites confiance \u00e0 Magnum design pour cr\u00e9er le site internet dont vos clients ont besoin !\u00a0 Essentiel Votre site internet cl\u00e9 en main...","og_url":"https:\/\/www.magnum-design.fr\/en\/sites-internet\/","article_modified_time":"2025-01-19T20:08:16+00:00","og_image":[{"width":1280,"height":1920,"url":"https:\/\/www.magnum-design.fr\/wp-content\/uploads\/site-internet-scaled.webp","type":"image\/webp"}],"twitter_card":"summary_large_image","twitter_misc":{"Estimated reading time":"1 minute"},"schema":{"@context":"https:\/\/schema.org","@graph":[{"@type":"WebPage","@id":"https:\/\/www.magnum-design.fr\/sites-internet\/","url":"https:\/\/www.magnum-design.fr\/sites-internet\/","name":"Sites internet -","isPartOf":{"@id":"https:\/\/www.magnum-design.fr\/#website"},"primaryImageOfPage":{"@id":"https:\/\/www.magnum-design.fr\/sites-internet\/#primaryimage"},"image":{"@id":"https:\/\/www.magnum-design.fr\/sites-internet\/#primaryimage"},"thumbnailUrl":"https:\/\/www.magnum-design.fr\/wp-content\/uploads\/site-internet-683x1024.webp","datePublished":"2024-12-23T17:55:23+00:00","dateModified":"2025-01-19T20:08:16+00:00","breadcrumb":{"@id":"https:\/\/www.magnum-design.fr\/sites-internet\/#breadcrumb"},"inLanguage":"en-GB","potentialAction":[{"@type":"ReadAction","target":["https:\/\/www.magnum-design.fr\/sites-internet\/"]}]},{"@type":"ImageObject","inLanguage":"en-GB","@id":"https:\/\/www.magnum-design.fr\/sites-internet\/#primaryimage","url":"https:\/\/www.magnum-design.fr\/wp-content\/uploads\/site-internet-683x1024.webp","contentUrl":"https:\/\/www.magnum-design.fr\/wp-content\/uploads\/site-internet-683x1024.webp"},{"@type":"BreadcrumbList","@id":"https:\/\/www.magnum-design.fr\/sites-internet\/#breadcrumb","itemListElement":[{"@type":"ListItem","position":1,"name":"Accueil","item":"https:\/\/www.magnum-design.fr\/"},{"@type":"ListItem","position":2,"name":"Sites internet"}]},{"@type":"WebSite","@id":"https:\/\/www.magnum-design.fr\/#website","url":"https:\/\/www.magnum-design.fr\/","name":"","description":"cr\u00e9ations graphique web et print","potentialAction":[{"@type":"SearchAction","target":{"@type":"EntryPoint","urlTemplate":"https:\/\/www.magnum-design.fr\/?s={search_term_string}"},"query-input":{"@type":"PropertyValueSpecification","valueRequired":true,"valueName":"search_term_string"}}],"inLanguage":"en-GB"}]}},"_links":{"self":[{"href":"https:\/\/www.magnum-design.fr\/en\/wp-json\/wp\/v2\/pages\/4821","targetHints":{"allow":["GET"]}}],"collection":[{"href":"https:\/\/www.magnum-design.fr\/en\/wp-json\/wp\/v2\/pages"}],"about":[{"href":"https:\/\/www.magnum-design.fr\/en\/wp-json\/wp\/v2\/types\/page"}],"author":[{"embeddable":true,"href":"https:\/\/www.magnum-design.fr\/en\/wp-json\/wp\/v2\/users\/1"}],"replies":[{"embeddable":true,"href":"https:\/\/www.magnum-design.fr\/en\/wp-json\/wp\/v2\/comments?post=4821"}],"version-history":[{"count":0,"href":"https:\/\/www.magnum-design.fr\/en\/wp-json\/wp\/v2\/pages\/4821\/revisions"}],"wp:attachment":[{"href":"https:\/\/www.magnum-design.fr\/en\/wp-json\/wp\/v2\/media?parent=4821"}],"curies":[{"name":"wp","href":"https:\/\/api.w.org\/{rel}","templated":true}]}}