{"id":4682,"date":"2024-12-11T18:42:53","date_gmt":"2024-12-11T17:42:53","guid":{"rendered":"https:\/\/www.magnum-design.fr\/?page_id=4682"},"modified":"2024-12-23T18:59:34","modified_gmt":"2024-12-23T17:59:34","slug":"affiches","status":"publish","type":"page","link":"https:\/\/www.magnum-design.fr\/en\/affiches\/","title":{"rendered":"Affiches"},"content":{"rendered":"<div data-elementor-type=\"wp-page\" data-elementor-id=\"4682\" class=\"elementor elementor-4682\" data-elementor-post-type=\"page\">\n\t\t\t\t\t\t<section class=\"elementor-section elementor-top-section elementor-element elementor-element-87f3e79 elementor-section-boxed elementor-section-height-default elementor-section-height-default\" data-id=\"87f3e79\" data-element_type=\"section\" data-e-type=\"section\">\n\t\t\t\t\t\t<div class=\"elementor-container elementor-column-gap-default\">\n\t\t\t\t\t<div class=\"elementor-column elementor-col-100 elementor-top-column elementor-element elementor-element-7043c05\" data-id=\"7043c05\" data-element_type=\"column\" data-e-type=\"column\">\n\t\t\t<div class=\"elementor-widget-wrap\">\n\t\t\t\t\t\t\t<\/div>\n\t\t<\/div>\n\t\t\t\t\t<\/div>\n\t\t<\/section>\n\t\t\t\t<section class=\"elementor-section elementor-top-section elementor-element elementor-element-226ae18 elementor-section-boxed elementor-section-height-default elementor-section-height-default\" data-id=\"226ae18\" data-element_type=\"section\" data-e-type=\"section\">\n\t\t\t\t\t\t<div class=\"elementor-container elementor-column-gap-default\">\n\t\t\t\t\t<div class=\"elementor-column elementor-col-50 elementor-top-column elementor-element elementor-element-bc4da04\" data-id=\"bc4da04\" data-element_type=\"column\" data-e-type=\"column\">\n\t\t\t<div class=\"elementor-widget-wrap elementor-element-populated\">\n\t\t\t\t\t\t<div class=\"elementor-element elementor-element-de08c73 elementor-widget__width-initial elementor-icon-list--layout-traditional elementor-list-item-link-full_width elementor-widget elementor-widget-icon-list\" data-id=\"de08c73\" data-element_type=\"widget\" data-e-type=\"widget\" data-widget_type=\"icon-list.default\">\n\t\t\t\t<div class=\"elementor-widget-container\">\n\t\t\t\t\t\t\t<ul class=\"elementor-icon-list-items\">\n\t\t\t\t\t\t\t<li class=\"elementor-icon-list-item\">\n\t\t\t\t\t\t\t\t\t\t\t<a href=\"https:\/\/www.magnum-design.fr\/en\/portfolio\/\" rel=\"nofollow\">\n\n\t\t\t\t\t\t\t\t\t\t\t\t<span class=\"elementor-icon-list-icon\">\n\t\t\t\t\t\t\t<i aria-hidden=\"true\" class=\"fas fa-chevron-left\"><\/i>\t\t\t\t\t\t<\/span>\n\t\t\t\t\t\t\t\t\t\t<span class=\"elementor-icon-list-text\">retour<\/span>\n\t\t\t\t\t\t\t\t\t\t\t<\/a>\n\t\t\t\t\t\t\t\t\t<\/li>\n\t\t\t\t\t\t<\/ul>\n\t\t\t\t\t\t<\/div>\n\t\t\t\t<\/div>\n\t\t\t\t<div class=\"elementor-element elementor-element-b96bac9 elementor-widget__width-initial elementor-widget-mobile__width-initial elementor-widget elementor-widget-text-editor\" data-id=\"b96bac9\" data-element_type=\"widget\" data-e-type=\"widget\" data-widget_type=\"text-editor.default\">\n\t\t\t\t<div class=\"elementor-widget-container\">\n\t\t\t\t\t\t\t\t\t<p>Affiches<\/p>\t\t\t\t\t\t\t\t<\/div>\n\t\t\t\t<\/div>\n\t\t\t\t<div class=\"elementor-element elementor-element-4a32bcb elementor-widget__width-initial elementor-widget elementor-widget-image\" data-id=\"4a32bcb\" data-element_type=\"widget\" data-e-type=\"widget\" data-widget_type=\"image.default\">\n\t\t\t\t<div class=\"elementor-widget-container\">\n\t\t\t\t\t\t\t\t\t\t\t\t\t\t\t<img decoding=\"async\" width=\"473\" height=\"44\" src=\"https:\/\/www.magnum-design.fr\/wp-content\/uploads\/vague-or.svg\" class=\"attachment-large size-large wp-image-4739\" alt=\"\" \/>\t\t\t\t\t\t\t\t\t\t\t\t\t\t\t<\/div>\n\t\t\t\t<\/div>\n\t\t\t\t<div class=\"elementor-element elementor-element-62b4f10 elementor-widget__width-initial elementor-widget elementor-widget-text-editor\" data-id=\"62b4f10\" data-element_type=\"widget\" data-e-type=\"widget\" data-widget_type=\"text-editor.default\">\n\t\t\t\t<div class=\"elementor-widget-container\">\n\t\t\t\t\t\t\t\t\t<p>Affiches r\u00e9alis\u00e9es avec <strong>photoshop<\/strong>.<\/p>\t\t\t\t\t\t\t\t<\/div>\n\t\t\t\t<\/div>\n\t\t\t\t\t<\/div>\n\t\t<\/div>\n\t\t\t\t<div class=\"elementor-column elementor-col-50 elementor-top-column elementor-element elementor-element-b2ec8b6\" data-id=\"b2ec8b6\" data-element_type=\"column\" data-e-type=\"column\">\n\t\t\t<div class=\"elementor-widget-wrap elementor-element-populated\">\n\t\t\t\t\t\t<div class=\"elementor-element elementor-element-102236f elementor-widget__width-initial elementor-widget elementor-widget-image\" data-id=\"102236f\" data-element_type=\"widget\" data-e-type=\"widget\" data-widget_type=\"image.default\">\n\t\t\t\t<div class=\"elementor-widget-container\">\n\t\t\t\t\t\t\t\t\t\t\t\t\t\t\t<img fetchpriority=\"high\" decoding=\"async\" width=\"540\" height=\"675\" src=\"https:\/\/www.magnum-design.fr\/wp-content\/uploads\/affiche-foot.jpg\" class=\"attachment-medium_large size-medium_large wp-image-4687\" alt=\"affiche foot\" srcset=\"https:\/\/www.magnum-design.fr\/wp-content\/uploads\/affiche-foot.jpg 540w, https:\/\/www.magnum-design.fr\/wp-content\/uploads\/affiche-foot-240x300.jpg 240w\" sizes=\"(max-width: 540px) 100vw, 540px\" \/>\t\t\t\t\t\t\t\t\t\t\t\t\t\t\t<\/div>\n\t\t\t\t<\/div>\n\t\t\t\t<div class=\"elementor-element elementor-element-2ed2369 elementor-widget elementor-widget-image\" data-id=\"2ed2369\" data-element_type=\"widget\" data-e-type=\"widget\" data-widget_type=\"image.default\">\n\t\t\t\t<div class=\"elementor-widget-container\">\n\t\t\t\t\t\t\t\t\t\t\t\t\t\t\t<img decoding=\"async\" width=\"768\" height=\"1086\" src=\"https:\/\/www.magnum-design.fr\/wp-content\/uploads\/affiche_festival-electro-768x1086.jpg\" class=\"attachment-medium_large size-medium_large wp-image-4748\" alt=\"affiche festival electro\" srcset=\"https:\/\/www.magnum-design.fr\/wp-content\/uploads\/affiche_festival-electro-768x1086.jpg 768w, https:\/\/www.magnum-design.fr\/wp-content\/uploads\/affiche_festival-electro-212x300.jpg 212w, https:\/\/www.magnum-design.fr\/wp-content\/uploads\/affiche_festival-electro-724x1024.jpg 724w, https:\/\/www.magnum-design.fr\/wp-content\/uploads\/affiche_festival-electro.jpg 992w\" sizes=\"(max-width: 768px) 100vw, 768px\" \/>\t\t\t\t\t\t\t\t\t\t\t\t\t\t\t<\/div>\n\t\t\t\t<\/div>\n\t\t\t\t<div class=\"elementor-element elementor-element-4ed7838 elementor-widget elementor-widget-image\" data-id=\"4ed7838\" data-element_type=\"widget\" data-e-type=\"widget\" data-widget_type=\"image.default\">\n\t\t\t\t<div class=\"elementor-widget-container\">\n\t\t\t\t\t\t\t\t\t\t\t\t\t\t\t<img loading=\"lazy\" decoding=\"async\" width=\"768\" height=\"1086\" src=\"https:\/\/www.magnum-design.fr\/wp-content\/uploads\/affiche-tigre-768x1086.jpg\" class=\"attachment-medium_large size-medium_large wp-image-4686\" alt=\"affiche tigre\" srcset=\"https:\/\/www.magnum-design.fr\/wp-content\/uploads\/affiche-tigre-768x1086.jpg 768w, https:\/\/www.magnum-design.fr\/wp-content\/uploads\/affiche-tigre-212x300.jpg 212w, https:\/\/www.magnum-design.fr\/wp-content\/uploads\/affiche-tigre-724x1024.jpg 724w, https:\/\/www.magnum-design.fr\/wp-content\/uploads\/affiche-tigre-1086x1536.jpg 1086w, https:\/\/www.magnum-design.fr\/wp-content\/uploads\/affiche-tigre.jpg 1414w\" sizes=\"(max-width: 768px) 100vw, 768px\" \/>\t\t\t\t\t\t\t\t\t\t\t\t\t\t\t<\/div>\n\t\t\t\t<\/div>\n\t\t\t\t<div class=\"elementor-element elementor-element-14db7f0 elementor-widget__width-initial elementor-widget elementor-widget-button\" data-id=\"14db7f0\" data-element_type=\"widget\" data-e-type=\"widget\" data-widget_type=\"button.default\">\n\t\t\t\t<div class=\"elementor-widget-container\">\n\t\t\t\t\t\t\t\t\t<div class=\"elementor-button-wrapper\">\n\t\t\t\t\t<a class=\"elementor-button elementor-button-link elementor-size-sm\" href=\"https:\/\/www.magnum-design.fr\/en\/kenji-ramen\/\">\n\t\t\t\t\t\t<span class=\"elementor-button-content-wrapper\">\n\t\t\t\t\t\t<span class=\"elementor-button-icon\">\n\t\t\t\t<i aria-hidden=\"true\" class=\"fas fa-angle-left\"><\/i>\t\t\t<\/span>\n\t\t\t\t\t\t\t\t\t<span class=\"elementor-button-text\">pr\u00e9c\u00e9dent<\/span>\n\t\t\t\t\t<\/span>\n\t\t\t\t\t<\/a>\n\t\t\t\t<\/div>\n\t\t\t\t\t\t\t\t<\/div>\n\t\t\t\t<\/div>\n\t\t\t\t<div class=\"elementor-element elementor-element-76253ef elementor-align-right elementor-widget__width-initial elementor-widget elementor-widget-button\" data-id=\"76253ef\" data-element_type=\"widget\" data-e-type=\"widget\" data-widget_type=\"button.default\">\n\t\t\t\t<div class=\"elementor-widget-container\">\n\t\t\t\t\t\t\t\t\t<div class=\"elementor-button-wrapper\">\n\t\t\t\t\t<a class=\"elementor-button elementor-button-link elementor-size-sm\" href=\"https:\/\/www.magnum-design.fr\/en\/anne-sophie-massages\/\">\n\t\t\t\t\t\t<span class=\"elementor-button-content-wrapper\">\n\t\t\t\t\t\t<span class=\"elementor-button-icon\">\n\t\t\t\t<i aria-hidden=\"true\" class=\"fas fa-angle-right\"><\/i>\t\t\t<\/span>\n\t\t\t\t\t\t\t\t\t<span class=\"elementor-button-text\">suivant<\/span>\n\t\t\t\t\t<\/span>\n\t\t\t\t\t<\/a>\n\t\t\t\t<\/div>\n\t\t\t\t\t\t\t\t<\/div>\n\t\t\t\t<\/div>\n\t\t\t\t\t<\/div>\n\t\t<\/div>\n\t\t\t\t\t<\/div>\n\t\t<\/section>\n\t\t\t\t<\/div>","protected":false},"excerpt":{"rendered":"<p>retour Affiches Affiches r\u00e9alis\u00e9es avec photoshop. pr\u00e9c\u00e9dent suivant<\/p>","protected":false},"author":1,"featured_media":0,"parent":0,"menu_order":0,"comment_status":"closed","ping_status":"closed","template":"","meta":{"_kad_post_transparent":"","_kad_post_title":"hide","_kad_post_layout":"fullwidth","_kad_post_sidebar_id":"","_kad_post_content_style":"unboxed","_kad_post_vertical_padding":"hide","_kad_post_feature":"hide","_kad_post_feature_position":"","_kad_post_header":false,"_kad_post_footer":false,"footnotes":""},"class_list":["post-4682","page","type-page","status-publish","hentry"],"yoast_head":"<!-- This site is optimized with the Yoast SEO plugin v24.7 - https:\/\/yoast.com\/wordpress\/plugins\/seo\/ -->\n<title>Affiches -<\/title>\n<meta name=\"robots\" content=\"index, follow, max-snippet:-1, max-image-preview:large, max-video-preview:-1\" \/>\n<link rel=\"canonical\" href=\"https:\/\/www.magnum-design.fr\/en\/affiches\/\" \/>\n<meta property=\"og:locale\" content=\"en_GB\" \/>\n<meta property=\"og:type\" content=\"article\" \/>\n<meta property=\"og:title\" content=\"Affiches -\" \/>\n<meta property=\"og:description\" content=\"retour Affiches Affiches r\u00e9alis\u00e9es avec photoshop. pr\u00e9c\u00e9dent suivant\" \/>\n<meta property=\"og:url\" content=\"https:\/\/www.magnum-design.fr\/en\/affiches\/\" \/>\n<meta property=\"article:modified_time\" content=\"2024-12-23T17:59:34+00:00\" \/>\n<meta name=\"twitter:card\" content=\"summary_large_image\" \/>\n<meta name=\"twitter:label1\" content=\"Estimated reading time\" \/>\n\t<meta name=\"twitter:data1\" content=\"1 minute\" \/>\n<script type=\"application\/ld+json\" class=\"yoast-schema-graph\">{\"@context\":\"https:\/\/schema.org\",\"@graph\":[{\"@type\":\"WebPage\",\"@id\":\"https:\/\/www.magnum-design.fr\/affiches\/\",\"url\":\"https:\/\/www.magnum-design.fr\/affiches\/\",\"name\":\"Affiches -\",\"isPartOf\":{\"@id\":\"https:\/\/www.magnum-design.fr\/#website\"},\"primaryImageOfPage\":{\"@id\":\"https:\/\/www.magnum-design.fr\/affiches\/#primaryimage\"},\"image\":{\"@id\":\"https:\/\/www.magnum-design.fr\/affiches\/#primaryimage\"},\"thumbnailUrl\":\"https:\/\/www.magnum-design.fr\/wp-content\/uploads\/vague-or.svg\",\"datePublished\":\"2024-12-11T17:42:53+00:00\",\"dateModified\":\"2024-12-23T17:59:34+00:00\",\"breadcrumb\":{\"@id\":\"https:\/\/www.magnum-design.fr\/affiches\/#breadcrumb\"},\"inLanguage\":\"en-GB\",\"potentialAction\":[{\"@type\":\"ReadAction\",\"target\":[\"https:\/\/www.magnum-design.fr\/affiches\/\"]}]},{\"@type\":\"ImageObject\",\"inLanguage\":\"en-GB\",\"@id\":\"https:\/\/www.magnum-design.fr\/affiches\/#primaryimage\",\"url\":\"https:\/\/www.magnum-design.fr\/wp-content\/uploads\/vague-or.svg\",\"contentUrl\":\"https:\/\/www.magnum-design.fr\/wp-content\/uploads\/vague-or.svg\"},{\"@type\":\"BreadcrumbList\",\"@id\":\"https:\/\/www.magnum-design.fr\/affiches\/#breadcrumb\",\"itemListElement\":[{\"@type\":\"ListItem\",\"position\":1,\"name\":\"Accueil\",\"item\":\"https:\/\/www.magnum-design.fr\/\"},{\"@type\":\"ListItem\",\"position\":2,\"name\":\"Affiches\"}]},{\"@type\":\"WebSite\",\"@id\":\"https:\/\/www.magnum-design.fr\/#website\",\"url\":\"https:\/\/www.magnum-design.fr\/\",\"name\":\"\",\"description\":\"cr\u00e9ations graphique web et print\",\"potentialAction\":[{\"@type\":\"SearchAction\",\"target\":{\"@type\":\"EntryPoint\",\"urlTemplate\":\"https:\/\/www.magnum-design.fr\/?s={search_term_string}\"},\"query-input\":{\"@type\":\"PropertyValueSpecification\",\"valueRequired\":true,\"valueName\":\"search_term_string\"}}],\"inLanguage\":\"en-GB\"}]}<\/script>\n<!-- \/ Yoast SEO plugin. -->","yoast_head_json":{"title":"Affiches -","robots":{"index":"index","follow":"follow","max-snippet":"max-snippet:-1","max-image-preview":"max-image-preview:large","max-video-preview":"max-video-preview:-1"},"canonical":"https:\/\/www.magnum-design.fr\/en\/affiches\/","og_locale":"en_GB","og_type":"article","og_title":"Affiches -","og_description":"retour Affiches Affiches r\u00e9alis\u00e9es avec photoshop. pr\u00e9c\u00e9dent suivant","og_url":"https:\/\/www.magnum-design.fr\/en\/affiches\/","article_modified_time":"2024-12-23T17:59:34+00:00","twitter_card":"summary_large_image","twitter_misc":{"Estimated reading time":"1 minute"},"schema":{"@context":"https:\/\/schema.org","@graph":[{"@type":"WebPage","@id":"https:\/\/www.magnum-design.fr\/affiches\/","url":"https:\/\/www.magnum-design.fr\/affiches\/","name":"Affiches -","isPartOf":{"@id":"https:\/\/www.magnum-design.fr\/#website"},"primaryImageOfPage":{"@id":"https:\/\/www.magnum-design.fr\/affiches\/#primaryimage"},"image":{"@id":"https:\/\/www.magnum-design.fr\/affiches\/#primaryimage"},"thumbnailUrl":"https:\/\/www.magnum-design.fr\/wp-content\/uploads\/vague-or.svg","datePublished":"2024-12-11T17:42:53+00:00","dateModified":"2024-12-23T17:59:34+00:00","breadcrumb":{"@id":"https:\/\/www.magnum-design.fr\/affiches\/#breadcrumb"},"inLanguage":"en-GB","potentialAction":[{"@type":"ReadAction","target":["https:\/\/www.magnum-design.fr\/affiches\/"]}]},{"@type":"ImageObject","inLanguage":"en-GB","@id":"https:\/\/www.magnum-design.fr\/affiches\/#primaryimage","url":"https:\/\/www.magnum-design.fr\/wp-content\/uploads\/vague-or.svg","contentUrl":"https:\/\/www.magnum-design.fr\/wp-content\/uploads\/vague-or.svg"},{"@type":"BreadcrumbList","@id":"https:\/\/www.magnum-design.fr\/affiches\/#breadcrumb","itemListElement":[{"@type":"ListItem","position":1,"name":"Accueil","item":"https:\/\/www.magnum-design.fr\/"},{"@type":"ListItem","position":2,"name":"Affiches"}]},{"@type":"WebSite","@id":"https:\/\/www.magnum-design.fr\/#website","url":"https:\/\/www.magnum-design.fr\/","name":"","description":"cr\u00e9ations graphique web et print","potentialAction":[{"@type":"SearchAction","target":{"@type":"EntryPoint","urlTemplate":"https:\/\/www.magnum-design.fr\/?s={search_term_string}"},"query-input":{"@type":"PropertyValueSpecification","valueRequired":true,"valueName":"search_term_string"}}],"inLanguage":"en-GB"}]}},"_links":{"self":[{"href":"https:\/\/www.magnum-design.fr\/en\/wp-json\/wp\/v2\/pages\/4682","targetHints":{"allow":["GET"]}}],"collection":[{"href":"https:\/\/www.magnum-design.fr\/en\/wp-json\/wp\/v2\/pages"}],"about":[{"href":"https:\/\/www.magnum-design.fr\/en\/wp-json\/wp\/v2\/types\/page"}],"author":[{"embeddable":true,"href":"https:\/\/www.magnum-design.fr\/en\/wp-json\/wp\/v2\/users\/1"}],"replies":[{"embeddable":true,"href":"https:\/\/www.magnum-design.fr\/en\/wp-json\/wp\/v2\/comments?post=4682"}],"version-history":[{"count":0,"href":"https:\/\/www.magnum-design.fr\/en\/wp-json\/wp\/v2\/pages\/4682\/revisions"}],"wp:attachment":[{"href":"https:\/\/www.magnum-design.fr\/en\/wp-json\/wp\/v2\/media?parent=4682"}],"curies":[{"name":"wp","href":"https:\/\/api.w.org\/{rel}","templated":true}]}}